{"id":2149,"date":"2026-03-27T14:21:57","date_gmt":"2026-03-27T13:21:57","guid":{"rendered":"https:\/\/appartamenti.talacci.it\/var-vi-finns\/"},"modified":"2026-04-13T09:09:32","modified_gmt":"2026-04-13T07:09:32","slug":"var-vi-finns","status":"publish","type":"page","link":"https:\/\/www.appartamenti.talacci.it\/sv\/var-vi-finns\/","title":{"rendered":"Var Vi finns"},"content":{"rendered":"\t\t<div data-elementor-type=\"wp-page\" data-elementor-id=\"2149\" class=\"elementor elementor-2149 elementor-1331\" data-elementor-post-type=\"page\">\n\t\t\t\t<div class=\"elementor-element elementor-element-bffd7f8 e-con-full e-flex e-con e-parent\" data-id=\"bffd7f8\" data-element_type=\"container\" data-e-type=\"container\">\n\t\t<div class=\"elementor-element elementor-element-c3489a7 e-con-full slidertop e-flex e-con e-child\" data-id=\"c3489a7\" data-element_type=\"container\" data-e-type=\"container\">\n\t\t\t\t<div class=\"elementor-element elementor-element-28e0ada elementor-widget elementor-widget-google_maps\" data-id=\"28e0ada\" data-element_type=\"widget\" data-e-type=\"widget\" data-widget_type=\"google_maps.default\">\n\t\t\t\t<div class=\"elementor-widget-container\">\n\t\t\t\t\t\t\t<div class=\"elementor-custom-embed\">\n\t\t\t<iframe loading=\"lazy\"\n\t\t\t\t\tsrc=\"https:\/\/maps.google.com\/maps?q=appartamenti%20talacci%20livigno&#038;t=m&#038;z=16&#038;output=embed&#038;iwloc=near\"\n\t\t\t\t\ttitle=\"appartamenti talacci livigno\"\n\t\t\t\t\taria-label=\"appartamenti talacci livigno\"\n\t\t\t><\/iframe>\n\t\t<\/div>\n\t\t\t\t\t\t<\/div>\n\t\t\t\t<\/div>\n\t\t<div class=\"elementor-element elementor-element-b98ff5a animated-slow e-flex e-con-boxed elementor-invisible e-con e-child\" data-id=\"b98ff5a\" data-element_type=\"container\" data-e-type=\"container\" data-settings=\"{&quot;position&quot;:&quot;absolute&quot;,&quot;animation&quot;:&quot;fadeInUp&quot;,&quot;animation_delay&quot;:600}\">\n\t\t\t\t\t<div class=\"e-con-inner\">\n\t\t\t\t<div class=\"elementor-element elementor-element-39f02e9 elementor-widget elementor-widget-heading\" data-id=\"39f02e9\" data-element_type=\"widget\" data-e-type=\"widget\" data-widget_type=\"heading.default\">\n\t\t\t\t<div class=\"elementor-widget-container\">\n\t\t\t\t\t<h1 class=\"elementor-heading-title elementor-size-default\">Var vi finns\n<\/h1>\t\t\t\t<\/div>\n\t\t\t\t<\/div>\n\t\t\t\t\t<\/div>\n\t\t\t\t<\/div>\n\t\t\t\t<\/div>\n\t\t\t\t<div class=\"elementor-element elementor-element-4acf559 elementor-widget elementor-widget-menu-anchor\" data-id=\"4acf559\" data-element_type=\"widget\" data-e-type=\"widget\" data-widget_type=\"menu-anchor.default\">\n\t\t\t\t<div class=\"elementor-widget-container\">\n\t\t\t\t\t\t\t<div class=\"elementor-menu-anchor\" id=\"start\"><\/div>\n\t\t\t\t\t\t<\/div>\n\t\t\t\t<\/div>\n\t\t<div class=\"elementor-element elementor-element-90800b0 e-flex e-con-boxed e-con e-child\" data-id=\"90800b0\" data-element_type=\"container\" data-e-type=\"container\">\n\t\t\t\t\t<div class=\"e-con-inner\">\n\t\t\t\t<div class=\"elementor-element elementor-element-39884fd elementor-widget elementor-widget-heading\" data-id=\"39884fd\" data-element_type=\"widget\" data-e-type=\"widget\" data-widget_type=\"heading.default\">\n\t\t\t\t<div class=\"elementor-widget-container\">\n\t\t\t\t\t<h2 class=\"elementor-heading-title elementor-size-default\">Gl\u00f6m bilen: h\u00e4r ligger allt bara ett stenkast fr\u00e5n d\u00f6rren!\n\n<\/h2>\t\t\t\t<\/div>\n\t\t\t\t<\/div>\n\t\t\t\t<div class=\"elementor-element elementor-element-87d0b13 elementor-widget elementor-widget-spacer\" data-id=\"87d0b13\" data-element_type=\"widget\" data-e-type=\"widget\" data-widget_type=\"spacer.default\">\n\t\t\t\t<div class=\"elementor-widget-container\">\n\t\t\t\t\t\t\t<div class=\"elementor-spacer\">\n\t\t\t<div class=\"elementor-spacer-inner\"><\/div>\n\t\t<\/div>\n\t\t\t\t\t\t<\/div>\n\t\t\t\t<\/div>\n\t\t\t\t<div class=\"elementor-element elementor-element-61ef1e1 elementor-widget elementor-widget-text-editor\" data-id=\"61ef1e1\" data-element_type=\"widget\" data-e-type=\"widget\" data-widget_type=\"text-editor.default\">\n\t\t\t\t<div class=\"elementor-widget-container\">\n\t\t\t\t\t\t\t\t\t<p><strong>Casa Talacci<\/strong> ligger i centrum av <strong>Livigno<\/strong>, tv\u00e5 steg fr\u00e5n liftarna, fr\u00e5n gatorna med <strong>n\u00f6jen<\/strong>, fr\u00e5n <strong>skidskolan<\/strong>, fr\u00e5n <strong>snabbk\u00f6pet <\/strong>och fr\u00e5n alla bekv\u00e4mligheter som bidrar dagligen till att g\u00f6ra en semester trevlig, lugn och speciell.<\/p>\t\t\t\t\t\t\t\t<\/div>\n\t\t\t\t<\/div>\n\t\t\t\t\t<\/div>\n\t\t\t\t<\/div>\n\t\t<div class=\"elementor-element elementor-element-7038a55 e-con-full e-flex e-con e-child\" data-id=\"7038a55\" data-element_type=\"container\" data-e-type=\"container\" data-settings=\"{&quot;background_background&quot;:&quot;classic&quot;}\">\n\t\t\t\t<\/div>\n\t\t<div class=\"elementor-element elementor-element-fd8f11e e-con-full e-flex e-con e-child\" data-id=\"fd8f11e\" data-element_type=\"container\" data-e-type=\"container\" data-settings=\"{&quot;background_background&quot;:&quot;classic&quot;}\">\n\t\t<div class=\"elementor-element elementor-element-9d41afd e-con-full animated-slow e-flex elementor-invisible e-con e-child\" data-id=\"9d41afd\" data-element_type=\"container\" data-e-type=\"container\" data-settings=\"{&quot;background_background&quot;:&quot;classic&quot;,&quot;animation&quot;:&quot;fadeInRight&quot;}\">\n\t\t\t\t<\/div>\n\t\t<div class=\"elementor-element elementor-element-3b36293 e-con-full animated-slow e-flex elementor-invisible e-con e-child\" data-id=\"3b36293\" data-element_type=\"container\" data-e-type=\"container\" data-settings=\"{&quot;background_background&quot;:&quot;classic&quot;,&quot;animation&quot;:&quot;fadeInLeft&quot;}\">\n\t\t\t\t<div class=\"elementor-element elementor-element-77a8f85 elementor-widget elementor-widget-heading\" data-id=\"77a8f85\" data-element_type=\"widget\" data-e-type=\"widget\" data-widget_type=\"heading.default\">\n\t\t\t\t<div class=\"elementor-widget-container\">\n\t\t\t\t\t<h4 class=\"elementor-heading-title elementor-size-default\">Fr\u00e5n Casa Talacci kan du enkelt ta dig till de mest intressanta platserna f\u00f6r v\u00e4lbefinnande och avkoppling:<\/h4>\t\t\t\t<\/div>\n\t\t\t\t<\/div>\n\t\t\t\t<div class=\"elementor-element elementor-element-1cf9023 elementor-widget elementor-widget-text-editor\" data-id=\"1cf9023\" data-element_type=\"widget\" data-e-type=\"widget\" data-widget_type=\"text-editor.default\">\n\t\t\t\t<div class=\"elementor-widget-container\">\n\t\t\t\t\t\t\t\t\t<ul><li><strong>Bike Park Mottolino<\/strong> \u2013 800 m<\/li><li><strong>Centro Wellness Aquagranda Active you<\/strong> \u2013 2 km<\/li><li><strong>Larix Park<\/strong> \u2013 2,7 km<\/li><li><strong>Stelvio nationalpark<\/strong> \u2013 5 km<\/li><li><strong>Terme di Bormio<\/strong> \u2013 35 km<\/li><li><strong>Bernina-t\u00e5get<\/strong> \u2013 Tirano station \u2013 49 km <\/li><\/ul>\t\t\t\t\t\t\t\t<\/div>\n\t\t\t\t<\/div>\n\t\t\t\t<\/div>\n\t\t\t\t<\/div>\n\t\t<div class=\"elementor-element elementor-element-d32d0c5 e-con-full e-flex e-con e-child\" data-id=\"d32d0c5\" data-element_type=\"container\" data-e-type=\"container\" data-settings=\"{&quot;background_background&quot;:&quot;classic&quot;}\">\n\t\t<div class=\"elementor-element elementor-element-00ce697 e-con-full animated-slow e-flex elementor-invisible e-con e-child\" data-id=\"00ce697\" data-element_type=\"container\" data-e-type=\"container\" data-settings=\"{&quot;background_background&quot;:&quot;classic&quot;,&quot;animation&quot;:&quot;fadeInLeft&quot;}\">\n\t\t\t\t<\/div>\n\t\t<div class=\"elementor-element elementor-element-97fbb13 e-con-full animated-slow e-flex elementor-invisible e-con e-child\" data-id=\"97fbb13\" data-element_type=\"container\" data-e-type=\"container\" data-settings=\"{&quot;background_background&quot;:&quot;classic&quot;,&quot;animation&quot;:&quot;fadeInRight&quot;}\">\n\t\t\t\t<div class=\"elementor-element elementor-element-5b501e7 elementor-widget elementor-widget-heading\" data-id=\"5b501e7\" data-element_type=\"widget\" data-e-type=\"widget\" data-widget_type=\"heading.default\">\n\t\t\t\t<div class=\"elementor-widget-container\">\n\t\t\t\t\t<h4 class=\"elementor-heading-title elementor-size-default\">V\u00e4lj v\u00e5ra l\u00e4genheter eftersom:\n<\/h4>\t\t\t\t<\/div>\n\t\t\t\t<\/div>\n\t\t\t\t<div class=\"elementor-element elementor-element-3d8f466 elementor-widget elementor-widget-text-editor\" data-id=\"3d8f466\" data-element_type=\"widget\" data-e-type=\"widget\" data-widget_type=\"text-editor.default\">\n\t\t\t\t<div class=\"elementor-widget-container\">\n\t\t\t\t\t\t\t\t\t<ul><li>ligger i hj\u00e4rtat av g\u00e5gatan<\/li><li>ligger bara <strong>50 meter fr\u00e5n den centrala skid- och snowboardskolan<\/strong>, dess <strong>stollift<\/strong> och <strong>Kinderheim<\/strong><\/li><li><strong>Skipass Center<\/strong> ligger precis framf\u00f6r oss<\/li><li>En 5 minuters promenad bort ligger skidliften i <strong>Tagliede\/Costaccia<\/strong><\/li><\/ul>\t\t\t\t\t\t\t\t<\/div>\n\t\t\t\t<\/div>\n\t\t\t\t<div class=\"elementor-element elementor-element-c75e992 elementor-widget elementor-widget-button\" data-id=\"c75e992\" data-element_type=\"widget\" data-e-type=\"widget\" data-widget_type=\"button.default\">\n\t\t\t\t<div class=\"elementor-widget-container\">\n\t\t\t\t\t\t\t\t\t<div class=\"elementor-button-wrapper\">\n\t\t\t\t\t<a class=\"elementor-button elementor-button-link elementor-size-sm\" href=\"https:\/\/maps.app.goo.gl\/ZNk5BZREfbDbR5rd8\" target=\"_blank\" rel=\"noopener\">\n\t\t\t\t\t\t<span class=\"elementor-button-content-wrapper\">\n\t\t\t\t\t\t\t\t\t<span class=\"elementor-button-text\">Ber\u00e4kna rutten<\/span>\n\t\t\t\t\t<\/span>\n\t\t\t\t\t<\/a>\n\t\t\t\t<\/div>\n\t\t\t\t\t\t\t\t<\/div>\n\t\t\t\t<\/div>\n\t\t\t\t<\/div>\n\t\t\t\t<\/div>\n\t\t<div class=\"elementor-element elementor-element-155bcf5 e-con-full elementor-hidden-mobile e-flex e-con e-child\" data-id=\"155bcf5\" data-element_type=\"container\" data-e-type=\"container\" data-settings=\"{&quot;background_background&quot;:&quot;classic&quot;}\">\n\t\t\t\t<\/div>\n\t\t\t\t<\/div>\n\t\t\t\t<\/div>\n\t\t","protected":false},"excerpt":{"rendered":"<p>Var vi finns Gl\u00f6m bilen: h\u00e4r ligger allt bara ett stenkast fr\u00e5n d\u00f6rren! Casa Talacci ligger i centrum av Livigno, tv\u00e5 steg fr\u00e5n liftarna, fr\u00e5n gatorna med n\u00f6jen, fr\u00e5n skidskolan, fr\u00e5n snabbk\u00f6pet och fr\u00e5n alla bekv\u00e4mligheter som bidrar dagligen till att g\u00f6ra en semester trevlig, lugn och speciell. Fr\u00e5n Casa Talacci kan du enkelt ta [&hellip;]<\/p>\n","protected":false},"author":2,"featured_media":0,"parent":0,"menu_order":0,"comment_status":"closed","ping_status":"closed","template":"","meta":{"_acf_changed":false,"footnotes":""},"class_list":["post-2149","page","type-page","status-publish","hentry"],"acf":[],"_links":{"self":[{"href":"https:\/\/www.appartamenti.talacci.it\/sv\/wp-json\/wp\/v2\/pages\/2149","targetHints":{"allow":["GET"]}}],"collection":[{"href":"https:\/\/www.appartamenti.talacci.it\/sv\/wp-json\/wp\/v2\/pages"}],"about":[{"href":"https:\/\/www.appartamenti.talacci.it\/sv\/wp-json\/wp\/v2\/types\/page"}],"author":[{"embeddable":true,"href":"https:\/\/www.appartamenti.talacci.it\/sv\/wp-json\/wp\/v2\/users\/2"}],"replies":[{"embeddable":true,"href":"https:\/\/www.appartamenti.talacci.it\/sv\/wp-json\/wp\/v2\/comments?post=2149"}],"version-history":[{"count":2,"href":"https:\/\/www.appartamenti.talacci.it\/sv\/wp-json\/wp\/v2\/pages\/2149\/revisions"}],"predecessor-version":[{"id":2941,"href":"https:\/\/www.appartamenti.talacci.it\/sv\/wp-json\/wp\/v2\/pages\/2149\/revisions\/2941"}],"wp:attachment":[{"href":"https:\/\/www.appartamenti.talacci.it\/sv\/wp-json\/wp\/v2\/media?parent=2149"}],"curies":[{"name":"wp","href":"https:\/\/api.w.org\/{rel}","templated":true}]}}