{"id":2020,"date":"2026-03-27T14:21:50","date_gmt":"2026-03-27T13:21:50","guid":{"rendered":"https:\/\/appartamenti.talacci.it\/vintersport-i-livigno\/"},"modified":"2026-03-29T22:30:07","modified_gmt":"2026-03-29T20:30:07","slug":"vintersport-i-livigno","status":"publish","type":"page","link":"https:\/\/www.appartamenti.talacci.it\/sv\/vintersport-i-livigno\/","title":{"rendered":"Vintersport i Livigno"},"content":{"rendered":"\t\t<div data-elementor-type=\"wp-page\" data-elementor-id=\"2020\" class=\"elementor elementor-2020 elementor-1329\" data-elementor-post-type=\"page\">\n\t\t\t\t<div class=\"elementor-element elementor-element-a43fb51 e-con-full e-flex e-con e-parent\" data-id=\"a43fb51\" data-element_type=\"container\" data-e-type=\"container\">\n\t\t<div class=\"elementor-element elementor-element-c5b1bb1 e-con-full slidertop e-flex e-con e-child\" data-id=\"c5b1bb1\" data-element_type=\"container\" data-e-type=\"container\">\n\t\t\t\t<div class=\"elementor-element elementor-element-34bd57e elementor--h-position-center elementor--v-position-middle elementor-arrows-position-inside elementor-pagination-position-inside elementor-widget elementor-widget-slides\" data-id=\"34bd57e\" data-element_type=\"widget\" data-e-type=\"widget\" data-settings=\"{&quot;navigation&quot;:&quot;both&quot;,&quot;autoplay&quot;:&quot;yes&quot;,&quot;pause_on_hover&quot;:&quot;yes&quot;,&quot;pause_on_interaction&quot;:&quot;yes&quot;,&quot;autoplay_speed&quot;:5000,&quot;infinite&quot;:&quot;yes&quot;,&quot;transition&quot;:&quot;slide&quot;,&quot;transition_speed&quot;:500}\" data-widget_type=\"slides.default\">\n\t\t\t\t<div class=\"elementor-widget-container\">\n\t\t\t\t\t\t\t\t\t<div class=\"elementor-swiper\">\n\t\t\t\t\t<div class=\"elementor-slides-wrapper elementor-main-swiper swiper\" role=\"region\" aria-roledescription=\"carousel\" aria-label=\"Slides\" dir=\"ltr\" data-animation=\"fadeInUp\">\n\t\t\t\t<div class=\"swiper-wrapper elementor-slides\">\n\t\t\t\t\t\t\t\t\t\t<div class=\"elementor-repeater-item-fa4c014 swiper-slide\" role=\"group\" aria-roledescription=\"slide\"><div class=\"swiper-slide-bg\" role=\"img\" aria-label=\"Escursionista cammina su un crinale innevato al tramonto.\"><\/div><div class=\"swiper-slide-inner\" ><div class=\"swiper-slide-contents\"><\/div><\/div><\/div><div class=\"elementor-repeater-item-c043336 swiper-slide\" role=\"group\" aria-roledescription=\"slide\"><div class=\"swiper-slide-bg\" role=\"img\" aria-label=\"Snowboarder in azione su una montagna innevata con sfondo di montagne e cielo azzurro.\"><\/div><div class=\"swiper-slide-inner\" ><div class=\"swiper-slide-contents\"><\/div><\/div><\/div><div class=\"elementor-repeater-item-3090a40 swiper-slide\" role=\"group\" aria-roledescription=\"slide\"><div class=\"swiper-slide-bg\" role=\"img\" aria-label=\"Sciare in seggiovia con vista su montagne innevate illuminate dal sole.\"><\/div><div class=\"swiper-slide-inner\" ><div class=\"swiper-slide-contents\"><\/div><\/div><\/div><div class=\"elementor-repeater-item-4d19ec7 swiper-slide\" role=\"group\" aria-roledescription=\"slide\"><div class=\"swiper-slide-bg\" role=\"img\" aria-label=\"Ciclista che percorre un sentiero innevato con una fat bike sotto il sole.\"><\/div><div class=\"swiper-slide-inner\" ><div class=\"swiper-slide-contents\"><\/div><\/div><\/div>\t\t\t\t<\/div>\n\t\t\t\t\t\t\t\t\t\t\t\t\t\t\t<div class=\"elementor-swiper-button elementor-swiper-button-prev\" role=\"button\" tabindex=\"0\" aria-label=\"F\u00f6reg\u00e5ende bild\">\n\t\t\t\t\t\t\t<svg aria-hidden=\"true\" class=\"e-font-icon-svg e-eicon-chevron-left\" viewBox=\"0 0 1000 1000\" xmlns=\"http:\/\/www.w3.org\/2000\/svg\"><path d=\"M646 125C629 125 613 133 604 142L308 442C296 454 292 471 292 487 292 504 296 521 308 533L604 854C617 867 629 875 646 875 663 875 679 871 692 858 704 846 713 829 713 812 713 796 708 779 692 767L438 487 692 225C700 217 708 204 708 187 708 171 704 154 692 142 675 129 663 125 646 125Z\"><\/path><\/svg>\t\t\t\t\t\t<\/div>\n\t\t\t\t\t\t<div class=\"elementor-swiper-button elementor-swiper-button-next\" role=\"button\" tabindex=\"0\" aria-label=\"N\u00e4sta bild\">\n\t\t\t\t\t\t\t<svg aria-hidden=\"true\" class=\"e-font-icon-svg e-eicon-chevron-right\" viewBox=\"0 0 1000 1000\" xmlns=\"http:\/\/www.w3.org\/2000\/svg\"><path d=\"M696 533C708 521 713 504 713 487 713 471 708 454 696 446L400 146C388 133 375 125 354 125 338 125 325 129 313 142 300 154 292 171 292 187 292 204 296 221 308 233L563 492 304 771C292 783 288 800 288 817 288 833 296 850 308 863 321 871 338 875 354 875 371 875 388 867 400 854L696 533Z\"><\/path><\/svg>\t\t\t\t\t\t<\/div>\n\t\t\t\t\t\t\t\t\t\t\t\t\t\t\t\t<div class=\"swiper-pagination\"><\/div>\n\t\t\t\t\t\t\t\t\t\t\t\t<\/div>\n\t\t\t\t<\/div>\n\t\t\t\t\t\t\t\t<\/div>\n\t\t\t\t<\/div>\n\t\t<div class=\"elementor-element elementor-element-6f8a200 animated-slow e-flex e-con-boxed elementor-invisible e-con e-child\" data-id=\"6f8a200\" data-element_type=\"container\" data-e-type=\"container\" data-settings=\"{&quot;position&quot;:&quot;absolute&quot;,&quot;animation&quot;:&quot;fadeInUp&quot;,&quot;animation_delay&quot;:600}\">\n\t\t\t\t\t<div class=\"e-con-inner\">\n\t\t\t\t<div class=\"elementor-element elementor-element-2a1047e elementor-widget elementor-widget-heading\" data-id=\"2a1047e\" data-element_type=\"widget\" data-e-type=\"widget\" data-widget_type=\"heading.default\">\n\t\t\t\t<div class=\"elementor-widget-container\">\n\t\t\t\t\t<h1 class=\"elementor-heading-title elementor-size-default\">Vintersport<\/h1>\t\t\t\t<\/div>\n\t\t\t\t<\/div>\n\t\t\t\t\t<\/div>\n\t\t\t\t<\/div>\n\t\t\t\t<\/div>\n\t\t\t\t<div class=\"elementor-element elementor-element-0243a59 elementor-widget elementor-widget-menu-anchor\" data-id=\"0243a59\" data-element_type=\"widget\" data-e-type=\"widget\" data-widget_type=\"menu-anchor.default\">\n\t\t\t\t<div class=\"elementor-widget-container\">\n\t\t\t\t\t\t\t<div class=\"elementor-menu-anchor\" id=\"start\"><\/div>\n\t\t\t\t\t\t<\/div>\n\t\t\t\t<\/div>\n\t\t<div class=\"elementor-element elementor-element-a7b82a5 e-flex e-con-boxed e-con e-child\" data-id=\"a7b82a5\" data-element_type=\"container\" data-e-type=\"container\">\n\t\t\t\t\t<div class=\"e-con-inner\">\n\t\t\t\t<div class=\"elementor-element elementor-element-d5a36c1 elementor-widget elementor-widget-heading\" data-id=\"d5a36c1\" data-element_type=\"widget\" data-e-type=\"widget\" data-widget_type=\"heading.default\">\n\t\t\t\t<div class=\"elementor-widget-container\">\n\t\t\t\t\t<h2 class=\"elementor-heading-title elementor-size-default\">Massor av aktiviteter p\u00e5 de sn\u00f6t\u00e4ckta topparna\n\n<\/h2>\t\t\t\t<\/div>\n\t\t\t\t<\/div>\n\t\t\t\t<div class=\"elementor-element elementor-element-6fe5668 elementor-widget elementor-widget-spacer\" data-id=\"6fe5668\" data-element_type=\"widget\" data-e-type=\"widget\" data-widget_type=\"spacer.default\">\n\t\t\t\t<div class=\"elementor-widget-container\">\n\t\t\t\t\t\t\t<div class=\"elementor-spacer\">\n\t\t\t<div class=\"elementor-spacer-inner\"><\/div>\n\t\t<\/div>\n\t\t\t\t\t\t<\/div>\n\t\t\t\t<\/div>\n\t\t\t\t<div class=\"elementor-element elementor-element-8ce8c7d elementor-widget elementor-widget-text-editor\" data-id=\"8ce8c7d\" data-element_type=\"widget\" data-e-type=\"widget\" data-widget_type=\"text-editor.default\">\n\t\t\t\t<div class=\"elementor-widget-container\">\n\t\t\t\t\t\t\t\t\t<p>Skidomr\u00e5det i Livigno \u00e4r k\u00e4nt \u00f6ver hela v\u00e4rlden f\u00f6r sina a7&gt; pister och de n\u00f6jen som v\u00e4ntar p\u00e5 \u00e4lskare av skid\u00e5kning och av snowboard!<\/p><p>F\u00f6rutom <strong>alpint<\/strong> och <strong>l\u00e4ngdskid\u00e5kning<\/strong> finns det \u00e4ven n\u00e5got f\u00f6r snowboard\u00e5kare och <strong>freeride-entusiaster<\/strong>: <strong>Snowpark del Mottolino<\/strong> \u00e4r en internationell referenspunkt f\u00f6r dessa discipliner, medan det p\u00e5 sluttningen av <strong>Carosello 3000<\/strong> nyligen har \u00f6ppnats en ny och lovande snowpark. Dessutom f\u00f6rbinder skidliftarna i <strong>Tagliede<\/strong> omr\u00e5det med stadens centrum, s\u00e5 att du kan \u00e5ka direkt hem till d\u00f6rren med pj\u00e4xorna p\u00e5 f\u00f6tterna! <\/p><p>P\u00e5 denna sida av berget finns \u00e4ven s\u00e4rskilda pister och liftar som \u00e4r tillg\u00e4ngliga \u00e4ven f\u00f6r <strong>Fat Bike<\/strong>, mountainbikes med \u201dtjocka d\u00e4ck\u201d som g\u00f6r det m\u00f6jligt att cykla \u00e4ven p\u00e5 sn\u00f6t\u00e4ckta sluttningar och l\u00e4ngs Livignos sn\u00f6kl\u00e4dda dalar.<\/p>\t\t\t\t\t\t\t\t<\/div>\n\t\t\t\t<\/div>\n\t\t\t\t\t<\/div>\n\t\t\t\t<\/div>\n\t\t<div class=\"elementor-element elementor-element-e5ccbc3 e-con-full e-flex e-con e-child\" data-id=\"e5ccbc3\" data-element_type=\"container\" data-e-type=\"container\" data-settings=\"{&quot;background_background&quot;:&quot;classic&quot;}\">\n\t\t\t\t<\/div>\n\t\t<div class=\"elementor-element elementor-element-4f98f9e e-con-full e-flex e-con e-child\" data-id=\"4f98f9e\" data-element_type=\"container\" data-e-type=\"container\" data-settings=\"{&quot;background_background&quot;:&quot;classic&quot;}\">\n\t\t<div class=\"elementor-element elementor-element-fd7d9e8 e-con-full animated-slow e-flex elementor-invisible e-con e-child\" data-id=\"fd7d9e8\" data-element_type=\"container\" data-e-type=\"container\" data-settings=\"{&quot;background_background&quot;:&quot;classic&quot;,&quot;animation&quot;:&quot;fadeInRight&quot;}\">\n\t\t\t\t<\/div>\n\t\t<div class=\"elementor-element elementor-element-20d13b2 e-con-full animated-slow e-flex elementor-invisible e-con e-child\" data-id=\"20d13b2\" data-element_type=\"container\" data-e-type=\"container\" data-settings=\"{&quot;background_background&quot;:&quot;classic&quot;,&quot;animation&quot;:&quot;fadeInLeft&quot;}\">\n\t\t\t\t<div class=\"elementor-element elementor-element-d3d7772 elementor-widget elementor-widget-heading\" data-id=\"d3d7772\" data-element_type=\"widget\" data-e-type=\"widget\" data-widget_type=\"heading.default\">\n\t\t\t\t<div class=\"elementor-widget-container\">\n\t\t\t\t\t<h3 class=\"elementor-heading-title elementor-size-default\">Adrenalina e suggestioni speciali\n\n<\/h3>\t\t\t\t<\/div>\n\t\t\t\t<\/div>\n\t\t\t\t<div class=\"elementor-element elementor-element-1288e73 elementor-widget elementor-widget-text-editor\" data-id=\"1288e73\" data-element_type=\"widget\" data-e-type=\"widget\" data-widget_type=\"text-editor.default\">\n\t\t\t\t<div class=\"elementor-widget-container\">\n\t\t\t\t\t\t\t\t\t<p>Om du gillar nya upplevelser och inte \u00e4r r\u00e4dd f\u00f6r h\u00f6jder, prova <strong>heliski<\/strong>: tillsammans med bergsguider tar du dig upp till de h\u00f6gsta topparna med helikopter f\u00f6r att sedan \u00e5ka ner l\u00e4ngs or\u00f6rda backar l\u00e5ngt bort fr\u00e5n de mest v\u00e4lbes\u00f6kta offpist-backarna.<\/p><p>Om du d\u00e4remot f\u00f6redrar utflykter f\u00f6r att utforska trakten anordnar Livignos turistbyr\u00e5 ett stort antal turer i skogen med <strong>sn\u00f6skor<\/strong>, \u00e4ven p\u00e5 natten, med pauser vid typiska <strong>bergsstugor<\/strong> d\u00e4r du kan njuta av uts\u00f6kta <strong>r\u00e4tter fr\u00e5n den lokala traditionen<\/strong>.<\/p>\t\t\t\t\t\t\t\t<\/div>\n\t\t\t\t<\/div>\n\t\t\t\t<\/div>\n\t\t\t\t<\/div>\n\t\t<div class=\"elementor-element elementor-element-c0d3f42 e-con-full e-flex e-con e-child\" data-id=\"c0d3f42\" data-element_type=\"container\" data-e-type=\"container\" data-settings=\"{&quot;background_background&quot;:&quot;classic&quot;}\">\n\t\t<div class=\"elementor-element elementor-element-d86248b e-con-full animated-slow e-flex elementor-invisible e-con e-child\" data-id=\"d86248b\" data-element_type=\"container\" data-e-type=\"container\" data-settings=\"{&quot;background_background&quot;:&quot;classic&quot;,&quot;animation&quot;:&quot;fadeInLeft&quot;}\">\n\t\t\t\t<\/div>\n\t\t<div class=\"elementor-element elementor-element-28bba99 e-con-full animated-slow e-flex elementor-invisible e-con e-child\" data-id=\"28bba99\" data-element_type=\"container\" data-e-type=\"container\" data-settings=\"{&quot;background_background&quot;:&quot;classic&quot;,&quot;animation&quot;:&quot;fadeInRight&quot;}\">\n\t\t\t\t<div class=\"elementor-element elementor-element-385211d elementor-widget elementor-widget-heading\" data-id=\"385211d\" data-element_type=\"widget\" data-e-type=\"widget\" data-widget_type=\"heading.default\">\n\t\t\t\t<div class=\"elementor-widget-container\">\n\t\t\t\t\t<h3 class=\"elementor-heading-title elementor-size-default\">Isf\u00f6rarskola\n<\/h3>\t\t\t\t<\/div>\n\t\t\t\t<\/div>\n\t\t\t\t<div class=\"elementor-element elementor-element-a237093 elementor-widget elementor-widget-text-editor\" data-id=\"a237093\" data-element_type=\"widget\" data-e-type=\"widget\" data-widget_type=\"text-editor.default\">\n\t\t\t\t<div class=\"elementor-widget-container\">\n\t\t\t\t\t\t\t\t\t<p>Om du letar efter en aktivitet utanf\u00f6r det vanliga, som f\u00f6renar nyttan, n\u00f6je och adrenalin, s\u00e5 i Livigno hittar du den <strong>skolan f\u00f6r s\u00e4ker, sportig och t\u00e4vlingsinriktad p\u00e5 sn\u00f6 och is<\/strong>.<\/p><p>P\u00e5 <strong>Ghiacciodromo <\/strong>v\u00e4ntar professionella f\u00f6rare som l\u00e4r dig att hantera olika typer av bilar p\u00e5 underlag med d\u00e5ligt grepp, med en teoridel i den uppv\u00e4rmda receptionen och en praktisk del p\u00e5 banan!<\/p>\t\t\t\t\t\t\t\t<\/div>\n\t\t\t\t<\/div>\n\t\t\t\t<\/div>\n\t\t\t\t<\/div>\n\t\t<div class=\"elementor-element elementor-element-e9fc551 e-con-full elementor-hidden-mobile e-flex e-con e-child\" data-id=\"e9fc551\" data-element_type=\"container\" data-e-type=\"container\" data-settings=\"{&quot;background_background&quot;:&quot;classic&quot;}\">\n\t\t\t\t<\/div>\n\t\t\t\t<\/div>\n\t\t\t\t<\/div>\n\t\t","protected":false},"excerpt":{"rendered":"<p>Vintersport Massor av aktiviteter p\u00e5 de sn\u00f6t\u00e4ckta topparna Skidomr\u00e5det i Livigno \u00e4r k\u00e4nt \u00f6ver hela v\u00e4rlden f\u00f6r sina a7&gt; pister och de n\u00f6jen som v\u00e4ntar p\u00e5 \u00e4lskare av skid\u00e5kning och av snowboard! F\u00f6rutom alpint och l\u00e4ngdskid\u00e5kning finns det \u00e4ven n\u00e5got f\u00f6r snowboard\u00e5kare och freeride-entusiaster: Snowpark del Mottolino \u00e4r en internationell referenspunkt f\u00f6r dessa discipliner, medan [&hellip;]<\/p>\n","protected":false},"author":2,"featured_media":0,"parent":0,"menu_order":0,"comment_status":"closed","ping_status":"closed","template":"","meta":{"_acf_changed":false,"footnotes":""},"class_list":["post-2020","page","type-page","status-publish","hentry"],"acf":[],"_links":{"self":[{"href":"https:\/\/www.appartamenti.talacci.it\/sv\/wp-json\/wp\/v2\/pages\/2020","targetHints":{"allow":["GET"]}}],"collection":[{"href":"https:\/\/www.appartamenti.talacci.it\/sv\/wp-json\/wp\/v2\/pages"}],"about":[{"href":"https:\/\/www.appartamenti.talacci.it\/sv\/wp-json\/wp\/v2\/types\/page"}],"author":[{"embeddable":true,"href":"https:\/\/www.appartamenti.talacci.it\/sv\/wp-json\/wp\/v2\/users\/2"}],"replies":[{"embeddable":true,"href":"https:\/\/www.appartamenti.talacci.it\/sv\/wp-json\/wp\/v2\/comments?post=2020"}],"version-history":[{"count":1,"href":"https:\/\/www.appartamenti.talacci.it\/sv\/wp-json\/wp\/v2\/pages\/2020\/revisions"}],"predecessor-version":[{"id":2021,"href":"https:\/\/www.appartamenti.talacci.it\/sv\/wp-json\/wp\/v2\/pages\/2020\/revisions\/2021"}],"wp:attachment":[{"href":"https:\/\/www.appartamenti.talacci.it\/sv\/wp-json\/wp\/v2\/media?parent=2020"}],"curies":[{"name":"wp","href":"https:\/\/api.w.org\/{rel}","templated":true}]}}