{"id":2017,"date":"2026-03-27T14:21:38","date_gmt":"2026-03-27T13:21:38","guid":{"rendered":"https:\/\/appartamenti.talacci.it\/sport-i-livigno-pa-sommaren\/"},"modified":"2026-04-13T08:56:02","modified_gmt":"2026-04-13T06:56:02","slug":"sport-i-livigno-pa-sommaren","status":"publish","type":"page","link":"https:\/\/www.appartamenti.talacci.it\/sv\/sport-i-livigno-pa-sommaren\/","title":{"rendered":"Sport i Livigno p\u00e5 sommaren"},"content":{"rendered":"\t\t<div data-elementor-type=\"wp-page\" data-elementor-id=\"2017\" class=\"elementor elementor-2017 elementor-1327\" data-elementor-post-type=\"page\">\n\t\t\t\t<div class=\"elementor-element elementor-element-1a28332 e-con-full e-flex e-con e-parent\" data-id=\"1a28332\" data-element_type=\"container\" data-e-type=\"container\">\n\t\t<div class=\"elementor-element elementor-element-f3ea3c4 e-con-full slidertop e-flex e-con e-child\" data-id=\"f3ea3c4\" data-element_type=\"container\" data-e-type=\"container\">\n\t\t\t\t<div class=\"elementor-element elementor-element-f44cb3b elementor--h-position-center elementor--v-position-middle elementor-arrows-position-inside elementor-pagination-position-inside elementor-widget elementor-widget-slides\" data-id=\"f44cb3b\" data-element_type=\"widget\" data-e-type=\"widget\" data-settings=\"{&quot;navigation&quot;:&quot;both&quot;,&quot;autoplay&quot;:&quot;yes&quot;,&quot;pause_on_hover&quot;:&quot;yes&quot;,&quot;pause_on_interaction&quot;:&quot;yes&quot;,&quot;autoplay_speed&quot;:5000,&quot;infinite&quot;:&quot;yes&quot;,&quot;transition&quot;:&quot;slide&quot;,&quot;transition_speed&quot;:500}\" data-widget_type=\"slides.default\">\n\t\t\t\t<div class=\"elementor-widget-container\">\n\t\t\t\t\t\t\t\t\t<div class=\"elementor-swiper\">\n\t\t\t\t\t<div class=\"elementor-slides-wrapper elementor-main-swiper swiper\" role=\"region\" aria-roledescription=\"carousel\" aria-label=\"Slides\" dir=\"ltr\" data-animation=\"fadeInUp\">\n\t\t\t\t<div class=\"swiper-wrapper elementor-slides\">\n\t\t\t\t\t\t\t\t\t\t<div class=\"elementor-repeater-item-fa4c014 swiper-slide\" role=\"group\" aria-roledescription=\"slide\"><div class=\"swiper-slide-bg\" role=\"img\" aria-label=\"Ciclista in mountain bike al tramonto in un paesaggio collinare.\"><\/div><div class=\"swiper-slide-inner\" ><div class=\"swiper-slide-contents\"><\/div><\/div><\/div><div class=\"elementor-repeater-item-aa715de swiper-slide\" role=\"group\" aria-roledescription=\"slide\"><div class=\"swiper-slide-bg\" role=\"img\" aria-label=\"Escursionisti con zaini camminano su una collina al tramonto.\"><\/div><div class=\"swiper-slide-inner\" ><div class=\"swiper-slide-contents\"><\/div><\/div><\/div><div class=\"elementor-repeater-item-24326d2 swiper-slide\" role=\"group\" aria-roledescription=\"slide\"><div class=\"swiper-slide-bg\" role=\"img\" aria-label=\"Escursionista con zaino rosso in un prato alpino fiorito.\"><\/div><div class=\"swiper-slide-inner\" ><div class=\"swiper-slide-contents\"><\/div><\/div><\/div>\t\t\t\t<\/div>\n\t\t\t\t\t\t\t\t\t\t\t\t\t\t\t<div class=\"elementor-swiper-button elementor-swiper-button-prev\" role=\"button\" tabindex=\"0\" aria-label=\"F\u00f6reg\u00e5ende bild\">\n\t\t\t\t\t\t\t<svg aria-hidden=\"true\" class=\"e-font-icon-svg e-eicon-chevron-left\" viewBox=\"0 0 1000 1000\" xmlns=\"http:\/\/www.w3.org\/2000\/svg\"><path d=\"M646 125C629 125 613 133 604 142L308 442C296 454 292 471 292 487 292 504 296 521 308 533L604 854C617 867 629 875 646 875 663 875 679 871 692 858 704 846 713 829 713 812 713 796 708 779 692 767L438 487 692 225C700 217 708 204 708 187 708 171 704 154 692 142 675 129 663 125 646 125Z\"><\/path><\/svg>\t\t\t\t\t\t<\/div>\n\t\t\t\t\t\t<div class=\"elementor-swiper-button elementor-swiper-button-next\" role=\"button\" tabindex=\"0\" aria-label=\"N\u00e4sta bild\">\n\t\t\t\t\t\t\t<svg aria-hidden=\"true\" class=\"e-font-icon-svg e-eicon-chevron-right\" viewBox=\"0 0 1000 1000\" xmlns=\"http:\/\/www.w3.org\/2000\/svg\"><path d=\"M696 533C708 521 713 504 713 487 713 471 708 454 696 446L400 146C388 133 375 125 354 125 338 125 325 129 313 142 300 154 292 171 292 187 292 204 296 221 308 233L563 492 304 771C292 783 288 800 288 817 288 833 296 850 308 863 321 871 338 875 354 875 371 875 388 867 400 854L696 533Z\"><\/path><\/svg>\t\t\t\t\t\t<\/div>\n\t\t\t\t\t\t\t\t\t\t\t\t\t\t\t\t<div class=\"swiper-pagination\"><\/div>\n\t\t\t\t\t\t\t\t\t\t\t\t<\/div>\n\t\t\t\t<\/div>\n\t\t\t\t\t\t\t\t<\/div>\n\t\t\t\t<\/div>\n\t\t<div class=\"elementor-element elementor-element-2c7d1d4 animated-slow e-flex e-con-boxed elementor-invisible e-con e-child\" data-id=\"2c7d1d4\" data-element_type=\"container\" data-e-type=\"container\" data-settings=\"{&quot;position&quot;:&quot;absolute&quot;,&quot;animation&quot;:&quot;fadeInUp&quot;,&quot;animation_delay&quot;:600}\">\n\t\t\t\t\t<div class=\"e-con-inner\">\n\t\t\t\t<div class=\"elementor-element elementor-element-4d03198 elementor-widget elementor-widget-heading\" data-id=\"4d03198\" data-element_type=\"widget\" data-e-type=\"widget\" data-widget_type=\"heading.default\">\n\t\t\t\t<div class=\"elementor-widget-container\">\n\t\t\t\t\t<h1 class=\"elementor-heading-title elementor-size-default\">Sommarsport<\/h1>\t\t\t\t<\/div>\n\t\t\t\t<\/div>\n\t\t\t\t\t<\/div>\n\t\t\t\t<\/div>\n\t\t\t\t<\/div>\n\t\t\t\t<div class=\"elementor-element elementor-element-e55f7f6 elementor-widget elementor-widget-menu-anchor\" data-id=\"e55f7f6\" data-element_type=\"widget\" data-e-type=\"widget\" data-widget_type=\"menu-anchor.default\">\n\t\t\t\t<div class=\"elementor-widget-container\">\n\t\t\t\t\t\t\t<div class=\"elementor-menu-anchor\" id=\"start\"><\/div>\n\t\t\t\t\t\t<\/div>\n\t\t\t\t<\/div>\n\t\t<div class=\"elementor-element elementor-element-4f1c5b6 e-flex e-con-boxed e-con e-child\" data-id=\"4f1c5b6\" data-element_type=\"container\" data-e-type=\"container\">\n\t\t\t\t\t<div class=\"e-con-inner\">\n\t\t\t\t<div class=\"elementor-element elementor-element-6da9dff elementor-widget elementor-widget-heading\" data-id=\"6da9dff\" data-element_type=\"widget\" data-e-type=\"widget\" data-widget_type=\"heading.default\">\n\t\t\t\t<div class=\"elementor-widget-container\">\n\t\t\t\t\t<h2 class=\"elementor-heading-title elementor-size-default\">Vandring, trekking och mountainbike i Livigno\n\n<\/h2>\t\t\t\t<\/div>\n\t\t\t\t<\/div>\n\t\t\t\t<div class=\"elementor-element elementor-element-6a437d7 elementor-widget elementor-widget-spacer\" data-id=\"6a437d7\" data-element_type=\"widget\" data-e-type=\"widget\" data-widget_type=\"spacer.default\">\n\t\t\t\t<div class=\"elementor-widget-container\">\n\t\t\t\t\t\t\t<div class=\"elementor-spacer\">\n\t\t\t<div class=\"elementor-spacer-inner\"><\/div>\n\t\t<\/div>\n\t\t\t\t\t\t<\/div>\n\t\t\t\t<\/div>\n\t\t\t\t<div class=\"elementor-element elementor-element-614d249 elementor-widget elementor-widget-text-editor\" data-id=\"614d249\" data-element_type=\"widget\" data-e-type=\"widget\" data-widget_type=\"text-editor.default\">\n\t\t\t\t<div class=\"elementor-widget-container\">\n\t\t\t\t\t\t\t\t\t<p><strong>Livigno <\/strong>\u00e4r utan tvekan <strong>sportens <\/strong> och <strong>friluftslivets<\/strong> hemvist, och det enorma utbudet av aktiviteter som erbjuds under alla \u00e5rstider \u00e4r det tydligaste beviset p\u00e5 detta.<\/p><p>P\u00e5 sommaren kan du utforska detta vackra omr\u00e5de p\u00e5 <strong>mountainbike<\/strong> eller l\u00e4ngs de markerade stigarna f\u00f6r <strong>vandring<\/strong> och <strong>stavg\u00e5ng. <\/strong><br><strong>Bike Park Mottolino<\/strong> erbjuder utmanande och adrenalinfyllda grusv\u00e4gar, l\u00e4mpliga f\u00f6r proffs p\u00e5 tv\u00e5 hjul och f\u00f6r dem som \u00e4lskar <strong>downhill<\/strong>; <strong>Bike Park Carosello 3000<\/strong> erbjuder d\u00e4remot nya flow-trails som passar alla oavsett niv\u00e5: <strong>flow country<\/strong> \u00e4r perfekt f\u00f6r den som vill kombinera s\u00e4kerhet och adrenalinkick!<\/p><p>Det finns ocks\u00e5 ett stort antal vandringsleder b\u00e5de inom och utanf\u00f6r <strong>Stelvioparken<\/strong>, med olika sv\u00e5righetsgrader, som man kan vandra p\u00e5 egen hand med hj\u00e4lp av kartor och rekommenderade rutter, eller tillsammans med kvalificerade guider som k\u00e4nner till dessa platser v\u00e4l och som anordnar <strong>tureroch <strong>utflykter<\/strong> f\u00f6r att uppt\u00e4cka den flora och fauna som \u00e4r karakteristisk f\u00f6r dessa bergstoppar.<\/strong><\/p>\t\t\t\t\t\t\t\t<\/div>\n\t\t\t\t<\/div>\n\t\t\t\t\t<\/div>\n\t\t\t\t<\/div>\n\t\t<div class=\"elementor-element elementor-element-534c68c e-con-full e-flex e-con e-child\" data-id=\"534c68c\" data-element_type=\"container\" data-e-type=\"container\" data-settings=\"{&quot;background_background&quot;:&quot;classic&quot;}\">\n\t\t\t\t<\/div>\n\t\t<div class=\"elementor-element elementor-element-53f5eeb e-con-full e-flex e-con e-child\" data-id=\"53f5eeb\" data-element_type=\"container\" data-e-type=\"container\" data-settings=\"{&quot;background_background&quot;:&quot;classic&quot;}\">\n\t\t<div class=\"elementor-element elementor-element-df4e11c e-con-full animated-slow e-flex elementor-invisible e-con e-child\" data-id=\"df4e11c\" data-element_type=\"container\" data-e-type=\"container\" data-settings=\"{&quot;background_background&quot;:&quot;classic&quot;,&quot;animation&quot;:&quot;fadeInRight&quot;}\">\n\t\t\t\t<\/div>\n\t\t<div class=\"elementor-element elementor-element-6d92183 e-con-full animated-slow e-flex elementor-invisible e-con e-child\" data-id=\"6d92183\" data-element_type=\"container\" data-e-type=\"container\" data-settings=\"{&quot;background_background&quot;:&quot;classic&quot;,&quot;animation&quot;:&quot;fadeInLeft&quot;}\">\n\t\t\t\t<div class=\"elementor-element elementor-element-e0bfd06 elementor-widget elementor-widget-text-editor\" data-id=\"e0bfd06\" data-element_type=\"widget\" data-e-type=\"widget\" data-widget_type=\"text-editor.default\">\n\t\t\t\t<div class=\"elementor-widget-container\">\n\t\t\t\t\t\t\t\t\t<p>Det finns ocks\u00e5 m\u00e5nga evenemang under sommaren som lockar \u00e4lskare av <strong>jogging<\/strong>p\u00e5 h\u00f6g h\u00f6jd, det vill s\u00e4ga <strong>skyrunning<\/strong>. Det mest k\u00e4nda \u00e4r det internationella evenemanget Livigno Skymarathon: 34 km l\u00f6pning i h\u00f6gh\u00f6jd, p\u00e5 upptrampade stigar och grusv\u00e4gar, med en h\u00f6jdskillnad p\u00e5 2700 meter! <\/p><p>Livigno \u00e4r tack vare sin <strong>1816 meters<\/strong> h\u00f6jd \u00f6ver havet det perfekta resm\u00e5let f\u00f6r <strong>h\u00f6jdtr\u00e4ning<\/strong>: <strong> <\/strong>m\u00e5nga idrottare och m\u00e4stare v\u00e4ljer faktiskt orten f\u00f6r sina tr\u00e4ningsl\u00e4ger och tr\u00e4ning, just p\u00e5 grund av de positiva effekter som h\u00f6jden har p\u00e5 blodcirkulationen och syres\u00e4ttningen av musklerna.<\/p>\t\t\t\t\t\t\t\t<\/div>\n\t\t\t\t<\/div>\n\t\t\t\t<\/div>\n\t\t\t\t<\/div>\n\t\t<div class=\"elementor-element elementor-element-e1870f0 e-con-full e-flex e-con e-child\" data-id=\"e1870f0\" data-element_type=\"container\" data-e-type=\"container\" data-settings=\"{&quot;background_background&quot;:&quot;classic&quot;}\">\n\t\t<div class=\"elementor-element elementor-element-c972fa7 e-con-full animated-slow e-flex elementor-invisible e-con e-child\" data-id=\"c972fa7\" data-element_type=\"container\" data-e-type=\"container\" data-settings=\"{&quot;background_background&quot;:&quot;classic&quot;,&quot;animation&quot;:&quot;fadeInLeft&quot;}\">\n\t\t\t\t<\/div>\n\t\t<div class=\"elementor-element elementor-element-88eb69c e-con-full animated-slow e-flex elementor-invisible e-con e-child\" data-id=\"88eb69c\" data-element_type=\"container\" data-e-type=\"container\" data-settings=\"{&quot;background_background&quot;:&quot;classic&quot;,&quot;animation&quot;:&quot;fadeInRight&quot;}\">\n\t\t\t\t<div class=\"elementor-element elementor-element-367d4ef elementor-widget elementor-widget-text-editor\" data-id=\"367d4ef\" data-element_type=\"widget\" data-e-type=\"widget\" data-widget_type=\"text-editor.default\">\n\t\t\t\t<div class=\"elementor-widget-container\">\n\t\t\t\t\t\t\t\t\t<p>Om du letar efter en annorlunda aktivitet som kombinerar<\/p><p>Den som d\u00e4remot f\u00f6redrar lugnare aktiviteter, eller s\u00e5dana som passar \u00e4ven f\u00f6r barn, kommer att bli glad att veta att Livigno genomkorsas av en l\u00e5ng <strong>cykelv\u00e4g<\/strong> som \u00e4ven g\u00e5r att anv\u00e4nda f\u00f6r rullskridskor eller racercyklar, och som l\u00f6per l\u00e4ngs floden Sp\u00f6l och bjuder p\u00e5 of\u00f6rgl\u00f6mliga vyer.<\/p><p>Inte l\u00e5ngt fr\u00e5n v\u00e5ra l\u00e4genheter ligger \u00e4ven <strong>Larix Park<\/strong>: en \u00e4ventyrspark omgiven av gr\u00f6nska och tusen\u00e5riga l\u00e4rktr\u00e4d, d\u00e4r b\u00e5de vuxna och barn kan utmana sig sj\u00e4lva p\u00e5 h\u00e4ngbanor i olika h\u00f6jder.<\/p><p>Det \u00e4r ocks\u00e5 l\u00e4tt att ta sig till den<strong>konstgjorda sj\u00f6n<\/strong>, som nu \u00e4ven g\u00e5r att utforska med <strong>kanot, <\/strong><strong>kajak<\/strong> och <strong>vindsurfing<\/strong>, d\u00e4r<strong> <\/strong>man kan koppla av och slappna av omgiven av gr\u00f6nska.<\/p><p>Praktiskt, n\u00f6je och adrenalin: i Livigno hittar du den <strong>s\u00e4kra skidskolan, sportig och t\u00e4vlingsinriktad skidskola f\u00f6r sn\u00f6 och is<\/strong>.<\/p><p>P\u00e5 <strong>Ghiacciodromo <\/strong>v\u00e4ntar professionella f\u00f6rare som l\u00e4r dig att hantera olika typer av bilar p\u00e5 underlag med d\u00e5ligt grepp, med en teoridel i den uppv\u00e4rmda receptionen och en praktisk del p\u00e5 banan!<\/p>\t\t\t\t\t\t\t\t<\/div>\n\t\t\t\t<\/div>\n\t\t\t\t<\/div>\n\t\t\t\t<\/div>\n\t\t<div class=\"elementor-element elementor-element-df1d932 e-con-full elementor-hidden-mobile e-flex e-con e-child\" data-id=\"df1d932\" data-element_type=\"container\" data-e-type=\"container\" data-settings=\"{&quot;background_background&quot;:&quot;classic&quot;}\">\n\t\t\t\t<\/div>\n\t\t\t\t<\/div>\n\t\t\t\t<\/div>\n\t\t","protected":false},"excerpt":{"rendered":"<p>Sommarsport Vandring, trekking och mountainbike i Livigno Livigno \u00e4r utan tvekan sportens och friluftslivets hemvist, och det enorma utbudet av aktiviteter som erbjuds under alla \u00e5rstider \u00e4r det tydligaste beviset p\u00e5 detta. P\u00e5 sommaren kan du utforska detta vackra omr\u00e5de p\u00e5 mountainbike eller l\u00e4ngs de markerade stigarna f\u00f6r vandring och stavg\u00e5ng. Bike Park Mottolino erbjuder [&hellip;]<\/p>\n","protected":false},"author":2,"featured_media":0,"parent":0,"menu_order":0,"comment_status":"closed","ping_status":"closed","template":"","meta":{"_acf_changed":false,"footnotes":""},"class_list":["post-2017","page","type-page","status-publish","hentry"],"acf":[],"_links":{"self":[{"href":"https:\/\/www.appartamenti.talacci.it\/sv\/wp-json\/wp\/v2\/pages\/2017","targetHints":{"allow":["GET"]}}],"collection":[{"href":"https:\/\/www.appartamenti.talacci.it\/sv\/wp-json\/wp\/v2\/pages"}],"about":[{"href":"https:\/\/www.appartamenti.talacci.it\/sv\/wp-json\/wp\/v2\/types\/page"}],"author":[{"embeddable":true,"href":"https:\/\/www.appartamenti.talacci.it\/sv\/wp-json\/wp\/v2\/users\/2"}],"replies":[{"embeddable":true,"href":"https:\/\/www.appartamenti.talacci.it\/sv\/wp-json\/wp\/v2\/comments?post=2017"}],"version-history":[{"count":2,"href":"https:\/\/www.appartamenti.talacci.it\/sv\/wp-json\/wp\/v2\/pages\/2017\/revisions"}],"predecessor-version":[{"id":2927,"href":"https:\/\/www.appartamenti.talacci.it\/sv\/wp-json\/wp\/v2\/pages\/2017\/revisions\/2927"}],"wp:attachment":[{"href":"https:\/\/www.appartamenti.talacci.it\/sv\/wp-json\/wp\/v2\/media?parent=2017"}],"curies":[{"name":"wp","href":"https:\/\/api.w.org\/{rel}","templated":true}]}}