{"id":1967,"date":"2025-06-27T14:17:32","date_gmt":"2025-06-27T12:17:32","guid":{"rendered":"https:\/\/appartamenti.talacci.it\/forklaring-om-tillganglighet\/"},"modified":"2026-03-29T22:14:08","modified_gmt":"2026-03-29T20:14:08","slug":"forklaring-om-tillganglighet","status":"publish","type":"page","link":"https:\/\/www.appartamenti.talacci.it\/sv\/forklaring-om-tillganglighet\/","title":{"rendered":"F\u00f6rklaring om tillg\u00e4nglighet"},"content":{"rendered":"\t\t<div data-elementor-type=\"wp-page\" data-elementor-id=\"1967\" class=\"elementor elementor-1967 elementor-1118\" data-elementor-post-type=\"page\">\n\t\t\t\t<div class=\"elementor-element elementor-element-fea015a e-flex e-con-boxed e-con e-parent\" data-id=\"fea015a\" data-element_type=\"container\" data-e-type=\"container\">\n\t\t\t\t\t<div class=\"e-con-inner\">\n\t\t<div class=\"elementor-element elementor-element-d7b2f33 e-con-full e-flex e-con e-child\" data-id=\"d7b2f33\" data-element_type=\"container\" data-e-type=\"container\" data-settings=\"{&quot;background_background&quot;:&quot;classic&quot;}\">\n\t\t\t\t<div class=\"elementor-element elementor-element-f1cd5c3 elementor-widget elementor-widget-shortcode\" data-id=\"f1cd5c3\" data-element_type=\"widget\" data-e-type=\"widget\" data-widget_type=\"shortcode.default\">\n\t\t\t\t<div class=\"elementor-widget-container\">\n\t\t\t\t\t\t\t<div class=\"elementor-shortcode\"><h1>Tillg\u00e4nglighetsredog\u00f6relse<\/h1><h2>Talacci Appartamenti<\/h2><p>via Plan 240 23041 Livigno (SO), Italia<\/p><p><a href=\"mailto:talacci@talacci.it\">talacci@talacci.it<\/a><\/p><p>F\u00f6retagsnamn: GT S.r.l.<br>\r\nS\u00e4te: via Plan 240 23041 Livigno (SO), Italien<br>\r\nF\u00f6retagsregistreringsnummer: 92005040149 Sondrio<br>\r\nMomsnummer och skattenummer: 92005040149<br>\r\nREA: SO 40931<br>\r\nAktiekapital: 306 000,00 i.v.<br>\r\nPEC: gioielleriatalacci@pcert.it<br>\r\nCIR: 014037-CNI-00091<\/p><p>Webbplatsen publicerades den <strong>6 april 2026<\/strong><br>Webbplatsen uppdaterades den <strong>17 april 2026<\/strong><\/p><h2>\u00d6verensst\u00e4mmelse<\/h2><p>Den h\u00e4r webbplatsen uppfyller delvis kraven i bilaga A till standarden UNI CEI EN 301 549 (WCAG 2.1 niv\u00e5 AA).<\/p><h2>Inneh\u00e5ll som inte \u00e4r tillg\u00e4ngligt<\/h2><ul><li>Vissa element uppfyller inte kraven f\u00f6r f\u00e4rgkontrast<\/li><li>Br\u00f6dsmulenavigering saknas<\/li><\/ul><h2>Redog\u00f6relsen har uppr\u00e4ttats av Talacci Appartamenti<\/h2><p>Network Service Srl, baserat p\u00e5 en intern bed\u00f6mning som genomf\u00f6rdes den 17 april 2026.<br> Denna redog\u00f6relse har uppr\u00e4ttats med hj\u00e4lp av en bed\u00f6mning i enlighet med kraven i direktiv (EU) 2016\/2102, genom en sj\u00e4lvutv\u00e4rdering utf\u00f6rd av Network Service Srl med st\u00f6d av automatiska verktyg.<\/p><h2>S\u00e5 h\u00e4r skickar du in synpunkter<\/h2><p>Du kan rapportera eventuella tillg\u00e4nglighetsproblem till:<br> E-post: <span style=\"text-decoration: underline;\"><a href=\"mailto:accessibilita@network-service.it\">accessibilita@network-service.it<\/a><\/span><br> Vi svarar inom 30 arbetsdagar.<\/p><h2>Anm\u00e4lningar till AgID<\/h2><p>Om svaret inte \u00e4r tillfredsst\u00e4llande kan du skicka en anm\u00e4lan till AgID genom att skriva till: protocollo@pec.agid.gov.it.<\/p><\/div><style>\r\n        h1 { color: var(--e-global-color-primary); font-size: 40px !important; }\r\n        h2 { color: var(--e-global-color-text); font-size: 24px !important; }\r\n        p, a, li  { color: var(--e-global-color-text); font-size: 16px !important; }\r\n    <\/style><\/div>\n\t\t\t\t\t\t<\/div>\n\t\t\t\t<\/div>\n\t\t\t\t<\/div>\n\t\t\t\t\t<\/div>\n\t\t\t\t<\/div>\n\t\t\t\t<\/div>\n\t\t","protected":false},"excerpt":{"rendered":"","protected":false},"author":2,"featured_media":0,"parent":0,"menu_order":0,"comment_status":"closed","ping_status":"closed","template":"elementor_canvas","meta":{"_acf_changed":false,"footnotes":""},"class_list":["post-1967","page","type-page","status-publish","hentry"],"acf":[],"_links":{"self":[{"href":"https:\/\/www.appartamenti.talacci.it\/sv\/wp-json\/wp\/v2\/pages\/1967","targetHints":{"allow":["GET"]}}],"collection":[{"href":"https:\/\/www.appartamenti.talacci.it\/sv\/wp-json\/wp\/v2\/pages"}],"about":[{"href":"https:\/\/www.appartamenti.talacci.it\/sv\/wp-json\/wp\/v2\/types\/page"}],"author":[{"embeddable":true,"href":"https:\/\/www.appartamenti.talacci.it\/sv\/wp-json\/wp\/v2\/users\/2"}],"replies":[{"embeddable":true,"href":"https:\/\/www.appartamenti.talacci.it\/sv\/wp-json\/wp\/v2\/comments?post=1967"}],"version-history":[{"count":3,"href":"https:\/\/www.appartamenti.talacci.it\/sv\/wp-json\/wp\/v2\/pages\/1967\/revisions"}],"predecessor-version":[{"id":1970,"href":"https:\/\/www.appartamenti.talacci.it\/sv\/wp-json\/wp\/v2\/pages\/1967\/revisions\/1970"}],"wp:attachment":[{"href":"https:\/\/www.appartamenti.talacci.it\/sv\/wp-json\/wp\/v2\/media?parent=1967"}],"curies":[{"name":"wp","href":"https:\/\/api.w.org\/{rel}","templated":true}]}}