{"id":2157,"date":"2026-03-27T14:21:57","date_gmt":"2026-03-27T13:21:57","guid":{"rendered":"https:\/\/appartamenti.talacci.it\/acces\/"},"modified":"2026-04-13T09:09:18","modified_gmt":"2026-04-13T07:09:18","slug":"acces","status":"publish","type":"page","link":"https:\/\/www.appartamenti.talacci.it\/fr\/acces\/","title":{"rendered":"Acc\u00e8s"},"content":{"rendered":"\t\t<div data-elementor-type=\"wp-page\" data-elementor-id=\"2157\" class=\"elementor elementor-2157 elementor-1331\" data-elementor-post-type=\"page\">\n\t\t\t\t<div class=\"elementor-element elementor-element-bffd7f8 e-con-full e-flex e-con e-parent\" data-id=\"bffd7f8\" data-element_type=\"container\" data-e-type=\"container\">\n\t\t<div class=\"elementor-element elementor-element-c3489a7 e-con-full slidertop e-flex e-con e-child\" data-id=\"c3489a7\" data-element_type=\"container\" data-e-type=\"container\">\n\t\t\t\t<div class=\"elementor-element elementor-element-28e0ada elementor-widget elementor-widget-google_maps\" data-id=\"28e0ada\" data-element_type=\"widget\" data-e-type=\"widget\" data-widget_type=\"google_maps.default\">\n\t\t\t\t<div class=\"elementor-widget-container\">\n\t\t\t\t\t\t\t<div class=\"elementor-custom-embed\">\n\t\t\t<iframe loading=\"lazy\"\n\t\t\t\t\tsrc=\"https:\/\/maps.google.com\/maps?q=appartamenti%20talacci%20livigno&#038;t=m&#038;z=16&#038;output=embed&#038;iwloc=near\"\n\t\t\t\t\ttitle=\"appartamenti talacci livigno\"\n\t\t\t\t\taria-label=\"appartamenti talacci livigno\"\n\t\t\t><\/iframe>\n\t\t<\/div>\n\t\t\t\t\t\t<\/div>\n\t\t\t\t<\/div>\n\t\t<div class=\"elementor-element elementor-element-b98ff5a animated-slow e-flex e-con-boxed elementor-invisible e-con e-child\" data-id=\"b98ff5a\" data-element_type=\"container\" data-e-type=\"container\" data-settings=\"{&quot;position&quot;:&quot;absolute&quot;,&quot;animation&quot;:&quot;fadeInUp&quot;,&quot;animation_delay&quot;:600}\">\n\t\t\t\t\t<div class=\"e-con-inner\">\n\t\t\t\t<div class=\"elementor-element elementor-element-39f02e9 elementor-widget elementor-widget-heading\" data-id=\"39f02e9\" data-element_type=\"widget\" data-e-type=\"widget\" data-widget_type=\"heading.default\">\n\t\t\t\t<div class=\"elementor-widget-container\">\n\t\t\t\t\t<h1 class=\"elementor-heading-title elementor-size-default\">Comment acced\u00e9der\n<\/h1>\t\t\t\t<\/div>\n\t\t\t\t<\/div>\n\t\t\t\t\t<\/div>\n\t\t\t\t<\/div>\n\t\t\t\t<\/div>\n\t\t\t\t<div class=\"elementor-element elementor-element-4acf559 elementor-widget elementor-widget-menu-anchor\" data-id=\"4acf559\" data-element_type=\"widget\" data-e-type=\"widget\" data-widget_type=\"menu-anchor.default\">\n\t\t\t\t<div class=\"elementor-widget-container\">\n\t\t\t\t\t\t\t<div class=\"elementor-menu-anchor\" id=\"start\"><\/div>\n\t\t\t\t\t\t<\/div>\n\t\t\t\t<\/div>\n\t\t<div class=\"elementor-element elementor-element-90800b0 e-flex e-con-boxed e-con e-child\" data-id=\"90800b0\" data-element_type=\"container\" data-e-type=\"container\">\n\t\t\t\t\t<div class=\"e-con-inner\">\n\t\t\t\t<div class=\"elementor-element elementor-element-39884fd elementor-widget elementor-widget-heading\" data-id=\"39884fd\" data-element_type=\"widget\" data-e-type=\"widget\" data-widget_type=\"heading.default\">\n\t\t\t\t<div class=\"elementor-widget-container\">\n\t\t\t\t\t<h2 class=\"elementor-heading-title elementor-size-default\">Oubliez la voiture : ici, tout est \u00e0 deux pas de chez vous !\n\n<\/h2>\t\t\t\t<\/div>\n\t\t\t\t<\/div>\n\t\t\t\t<div class=\"elementor-element elementor-element-87d0b13 elementor-widget elementor-widget-spacer\" data-id=\"87d0b13\" data-element_type=\"widget\" data-e-type=\"widget\" data-widget_type=\"spacer.default\">\n\t\t\t\t<div class=\"elementor-widget-container\">\n\t\t\t\t\t\t\t<div class=\"elementor-spacer\">\n\t\t\t<div class=\"elementor-spacer-inner\"><\/div>\n\t\t<\/div>\n\t\t\t\t\t\t<\/div>\n\t\t\t\t<\/div>\n\t\t\t\t<div class=\"elementor-element elementor-element-61ef1e1 elementor-widget elementor-widget-text-editor\" data-id=\"61ef1e1\" data-element_type=\"widget\" data-e-type=\"widget\" data-widget_type=\"text-editor.default\">\n\t\t\t\t<div class=\"elementor-widget-container\">\n\t\t\t\t\t\t\t\t\t<p><strong>Casa Talacci<\/strong> est situ\u00e9e au centre de <strong>Livigno<\/strong>, \u00e0 deux pas des remont\u00e9es m\u00e9caniques, des rues anim\u00e9es, de l&rsquo;<strong>\u00e9cole de ski<\/strong>, du <strong>supermarch\u00e9<\/strong> et de toutes les commodit\u00e9s qui contribuent au quotidien \u00e0 rendre vos vacances agr\u00e9ables, sereines et exceptionnelles.<\/p>\t\t\t\t\t\t\t\t<\/div>\n\t\t\t\t<\/div>\n\t\t\t\t\t<\/div>\n\t\t\t\t<\/div>\n\t\t<div class=\"elementor-element elementor-element-7038a55 e-con-full e-flex e-con e-child\" data-id=\"7038a55\" data-element_type=\"container\" data-e-type=\"container\" data-settings=\"{&quot;background_background&quot;:&quot;classic&quot;}\">\n\t\t\t\t<\/div>\n\t\t<div class=\"elementor-element elementor-element-fd8f11e e-con-full e-flex e-con e-child\" data-id=\"fd8f11e\" data-element_type=\"container\" data-e-type=\"container\" data-settings=\"{&quot;background_background&quot;:&quot;classic&quot;}\">\n\t\t<div class=\"elementor-element elementor-element-9d41afd e-con-full animated-slow e-flex elementor-invisible e-con e-child\" data-id=\"9d41afd\" data-element_type=\"container\" data-e-type=\"container\" data-settings=\"{&quot;background_background&quot;:&quot;classic&quot;,&quot;animation&quot;:&quot;fadeInRight&quot;}\">\n\t\t\t\t<\/div>\n\t\t<div class=\"elementor-element elementor-element-3b36293 e-con-full animated-slow e-flex elementor-invisible e-con e-child\" data-id=\"3b36293\" data-element_type=\"container\" data-e-type=\"container\" data-settings=\"{&quot;background_background&quot;:&quot;classic&quot;,&quot;animation&quot;:&quot;fadeInLeft&quot;}\">\n\t\t\t\t<div class=\"elementor-element elementor-element-77a8f85 elementor-widget elementor-widget-heading\" data-id=\"77a8f85\" data-element_type=\"widget\" data-e-type=\"widget\" data-widget_type=\"heading.default\">\n\t\t\t\t<div class=\"elementor-widget-container\">\n\t\t\t\t\t<h4 class=\"elementor-heading-title elementor-size-default\">Depuis la Casa Talacci, vous pouvez facilement rejoindre les lieux les plus int\u00e9ressants pour le bien-\u00eatre et la d\u00e9tente :<\/h4>\t\t\t\t<\/div>\n\t\t\t\t<\/div>\n\t\t\t\t<div class=\"elementor-element elementor-element-1cf9023 elementor-widget elementor-widget-text-editor\" data-id=\"1cf9023\" data-element_type=\"widget\" data-e-type=\"widget\" data-widget_type=\"text-editor.default\">\n\t\t\t\t<div class=\"elementor-widget-container\">\n\t\t\t\t\t\t\t\t\t<ul><li><strong>Bike Park Mottolino<\/strong> &#8211; 800 mt<\/li><li><strong>Centro Wellness Aquagranda Active you<\/strong> &#8211; 2 km<\/li><li><strong>Larix Park<\/strong> &#8211; 2,7 km<\/li><li><strong>Parc national du Stelvio<\/strong> &#8211; 5 km<\/li><li><strong>Thermes de Bormio<\/strong> &#8211; 35 km<\/li><li><strong>Petit train rouge du Bernina<\/strong> &#8211; gare de Tirano &#8211; 49 km <\/li><\/ul>\t\t\t\t\t\t\t\t<\/div>\n\t\t\t\t<\/div>\n\t\t\t\t<\/div>\n\t\t\t\t<\/div>\n\t\t<div class=\"elementor-element elementor-element-d32d0c5 e-con-full e-flex e-con e-child\" data-id=\"d32d0c5\" data-element_type=\"container\" data-e-type=\"container\" data-settings=\"{&quot;background_background&quot;:&quot;classic&quot;}\">\n\t\t<div class=\"elementor-element elementor-element-00ce697 e-con-full animated-slow e-flex elementor-invisible e-con e-child\" data-id=\"00ce697\" data-element_type=\"container\" data-e-type=\"container\" data-settings=\"{&quot;background_background&quot;:&quot;classic&quot;,&quot;animation&quot;:&quot;fadeInLeft&quot;}\">\n\t\t\t\t<\/div>\n\t\t<div class=\"elementor-element elementor-element-97fbb13 e-con-full animated-slow e-flex elementor-invisible e-con e-child\" data-id=\"97fbb13\" data-element_type=\"container\" data-e-type=\"container\" data-settings=\"{&quot;background_background&quot;:&quot;classic&quot;,&quot;animation&quot;:&quot;fadeInRight&quot;}\">\n\t\t\t\t<div class=\"elementor-element elementor-element-5b501e7 elementor-widget elementor-widget-heading\" data-id=\"5b501e7\" data-element_type=\"widget\" data-e-type=\"widget\" data-widget_type=\"heading.default\">\n\t\t\t\t<div class=\"elementor-widget-container\">\n\t\t\t\t\t<h4 class=\"elementor-heading-title elementor-size-default\">Choisissez nos appartements parce que :\n<\/h4>\t\t\t\t<\/div>\n\t\t\t\t<\/div>\n\t\t\t\t<div class=\"elementor-element elementor-element-3d8f466 elementor-widget elementor-widget-text-editor\" data-id=\"3d8f466\" data-element_type=\"widget\" data-e-type=\"widget\" data-widget_type=\"text-editor.default\">\n\t\t\t\t<div class=\"elementor-widget-container\">\n\t\t\t\t\t\t\t\t\t<ul><li>se trouvent au c\u0153ur de la zone pi\u00e9tonne<\/li><li>se trouvent \u00e0 seulement <strong>50 m\u00e8tres de l&rsquo;\u00c9cole centrale de ski et de snowboard<\/strong>, de son <strong>t\u00e9l\u00e9si\u00e8ge<\/strong> et du <strong>Kinderheim<\/strong><\/li><li>Le <strong>Skipass Center<\/strong> se trouve juste en face de nous<\/li><li>\u00c0 5 minutes \u00e0 pied, vous trouverez les remont\u00e9es m\u00e9caniques de <strong>Tagliede\/Costaccia<\/strong><\/li><\/ul>\t\t\t\t\t\t\t\t<\/div>\n\t\t\t\t<\/div>\n\t\t\t\t<div class=\"elementor-element elementor-element-c75e992 elementor-widget elementor-widget-button\" data-id=\"c75e992\" data-element_type=\"widget\" data-e-type=\"widget\" data-widget_type=\"button.default\">\n\t\t\t\t<div class=\"elementor-widget-container\">\n\t\t\t\t\t\t\t\t\t<div class=\"elementor-button-wrapper\">\n\t\t\t\t\t<a class=\"elementor-button elementor-button-link elementor-size-sm\" href=\"https:\/\/maps.app.goo.gl\/ZNk5BZREfbDbR5rd8\" target=\"_blank\" rel=\"noopener\">\n\t\t\t\t\t\t<span class=\"elementor-button-content-wrapper\">\n\t\t\t\t\t\t\t\t\t<span class=\"elementor-button-text\">Calculez l'itin\u00e9raire<\/span>\n\t\t\t\t\t<\/span>\n\t\t\t\t\t<\/a>\n\t\t\t\t<\/div>\n\t\t\t\t\t\t\t\t<\/div>\n\t\t\t\t<\/div>\n\t\t\t\t<\/div>\n\t\t\t\t<\/div>\n\t\t<div class=\"elementor-element elementor-element-155bcf5 e-con-full elementor-hidden-mobile e-flex e-con e-child\" data-id=\"155bcf5\" data-element_type=\"container\" data-e-type=\"container\" data-settings=\"{&quot;background_background&quot;:&quot;classic&quot;}\">\n\t\t\t\t<\/div>\n\t\t\t\t<\/div>\n\t\t\t\t<\/div>\n\t\t","protected":false},"excerpt":{"rendered":"<p>Comment acced\u00e9der Oubliez la voiture : ici, tout est \u00e0 deux pas de chez vous ! Casa Talacci est situ\u00e9e au centre de Livigno, \u00e0 deux pas des remont\u00e9es m\u00e9caniques, des rues anim\u00e9es, de l&rsquo;\u00e9cole de ski, du supermarch\u00e9 et de toutes les commodit\u00e9s qui contribuent au quotidien \u00e0 rendre vos vacances agr\u00e9ables, sereines et [&hellip;]<\/p>\n","protected":false},"author":2,"featured_media":0,"parent":0,"menu_order":0,"comment_status":"closed","ping_status":"closed","template":"","meta":{"_acf_changed":false,"footnotes":""},"class_list":["post-2157","page","type-page","status-publish","hentry"],"acf":[],"_links":{"self":[{"href":"https:\/\/www.appartamenti.talacci.it\/fr\/wp-json\/wp\/v2\/pages\/2157","targetHints":{"allow":["GET"]}}],"collection":[{"href":"https:\/\/www.appartamenti.talacci.it\/fr\/wp-json\/wp\/v2\/pages"}],"about":[{"href":"https:\/\/www.appartamenti.talacci.it\/fr\/wp-json\/wp\/v2\/types\/page"}],"author":[{"embeddable":true,"href":"https:\/\/www.appartamenti.talacci.it\/fr\/wp-json\/wp\/v2\/users\/2"}],"replies":[{"embeddable":true,"href":"https:\/\/www.appartamenti.talacci.it\/fr\/wp-json\/wp\/v2\/comments?post=2157"}],"version-history":[{"count":2,"href":"https:\/\/www.appartamenti.talacci.it\/fr\/wp-json\/wp\/v2\/pages\/2157\/revisions"}],"predecessor-version":[{"id":2173,"href":"https:\/\/www.appartamenti.talacci.it\/fr\/wp-json\/wp\/v2\/pages\/2157\/revisions\/2173"}],"wp:attachment":[{"href":"https:\/\/www.appartamenti.talacci.it\/fr\/wp-json\/wp\/v2\/media?parent=2157"}],"curies":[{"name":"wp","href":"https:\/\/api.w.org\/{rel}","templated":true}]}}