{"id":2011,"date":"2026-03-27T14:21:50","date_gmt":"2026-03-27T13:21:50","guid":{"rendered":"https:\/\/appartamenti.talacci.it\/les-sports-a-livigno-en-hiver\/"},"modified":"2026-03-29T22:24:21","modified_gmt":"2026-03-29T20:24:21","slug":"les-sports-a-livigno-en-hiver","status":"publish","type":"page","link":"https:\/\/www.appartamenti.talacci.it\/fr\/les-sports-a-livigno-en-hiver\/","title":{"rendered":"Les sports \u00e0 Livigno en hiver"},"content":{"rendered":"\t\t<div data-elementor-type=\"wp-page\" data-elementor-id=\"2011\" class=\"elementor elementor-2011 elementor-1329\" data-elementor-post-type=\"page\">\n\t\t\t\t<div class=\"elementor-element elementor-element-a43fb51 e-con-full e-flex e-con e-parent\" data-id=\"a43fb51\" data-element_type=\"container\" data-e-type=\"container\">\n\t\t<div class=\"elementor-element elementor-element-c5b1bb1 e-con-full slidertop e-flex e-con e-child\" data-id=\"c5b1bb1\" data-element_type=\"container\" data-e-type=\"container\">\n\t\t\t\t<div class=\"elementor-element elementor-element-34bd57e elementor--h-position-center elementor--v-position-middle elementor-arrows-position-inside elementor-pagination-position-inside elementor-widget elementor-widget-slides\" data-id=\"34bd57e\" data-element_type=\"widget\" data-e-type=\"widget\" data-settings=\"{&quot;navigation&quot;:&quot;both&quot;,&quot;autoplay&quot;:&quot;yes&quot;,&quot;pause_on_hover&quot;:&quot;yes&quot;,&quot;pause_on_interaction&quot;:&quot;yes&quot;,&quot;autoplay_speed&quot;:5000,&quot;infinite&quot;:&quot;yes&quot;,&quot;transition&quot;:&quot;slide&quot;,&quot;transition_speed&quot;:500}\" data-widget_type=\"slides.default\">\n\t\t\t\t<div class=\"elementor-widget-container\">\n\t\t\t\t\t\t\t\t\t<div class=\"elementor-swiper\">\n\t\t\t\t\t<div class=\"elementor-slides-wrapper elementor-main-swiper swiper\" role=\"region\" aria-roledescription=\"carousel\" aria-label=\"Slides\" dir=\"ltr\" data-animation=\"fadeInUp\">\n\t\t\t\t<div class=\"swiper-wrapper elementor-slides\">\n\t\t\t\t\t\t\t\t\t\t<div class=\"elementor-repeater-item-fa4c014 swiper-slide\" role=\"group\" aria-roledescription=\"slide\"><div class=\"swiper-slide-bg\" role=\"img\" aria-label=\"Escursionista cammina su un crinale innevato al tramonto.\"><\/div><div class=\"swiper-slide-inner\" ><div class=\"swiper-slide-contents\"><\/div><\/div><\/div><div class=\"elementor-repeater-item-c043336 swiper-slide\" role=\"group\" aria-roledescription=\"slide\"><div class=\"swiper-slide-bg\" role=\"img\" aria-label=\"Snowboarder in azione su una montagna innevata con sfondo di montagne e cielo azzurro.\"><\/div><div class=\"swiper-slide-inner\" ><div class=\"swiper-slide-contents\"><\/div><\/div><\/div><div class=\"elementor-repeater-item-3090a40 swiper-slide\" role=\"group\" aria-roledescription=\"slide\"><div class=\"swiper-slide-bg\" role=\"img\" aria-label=\"Sciare in seggiovia con vista su montagne innevate illuminate dal sole.\"><\/div><div class=\"swiper-slide-inner\" ><div class=\"swiper-slide-contents\"><\/div><\/div><\/div><div class=\"elementor-repeater-item-4d19ec7 swiper-slide\" role=\"group\" aria-roledescription=\"slide\"><div class=\"swiper-slide-bg\" role=\"img\" aria-label=\"Ciclista che percorre un sentiero innevato con una fat bike sotto il sole.\"><\/div><div class=\"swiper-slide-inner\" ><div class=\"swiper-slide-contents\"><\/div><\/div><\/div>\t\t\t\t<\/div>\n\t\t\t\t\t\t\t\t\t\t\t\t\t\t\t<div class=\"elementor-swiper-button elementor-swiper-button-prev\" role=\"button\" tabindex=\"0\" aria-label=\"Diapositive pr\u00e9c\u00e9dente\">\n\t\t\t\t\t\t\t<svg aria-hidden=\"true\" class=\"e-font-icon-svg e-eicon-chevron-left\" viewBox=\"0 0 1000 1000\" xmlns=\"http:\/\/www.w3.org\/2000\/svg\"><path d=\"M646 125C629 125 613 133 604 142L308 442C296 454 292 471 292 487 292 504 296 521 308 533L604 854C617 867 629 875 646 875 663 875 679 871 692 858 704 846 713 829 713 812 713 796 708 779 692 767L438 487 692 225C700 217 708 204 708 187 708 171 704 154 692 142 675 129 663 125 646 125Z\"><\/path><\/svg>\t\t\t\t\t\t<\/div>\n\t\t\t\t\t\t<div class=\"elementor-swiper-button elementor-swiper-button-next\" role=\"button\" tabindex=\"0\" aria-label=\"Diapositive suivante\">\n\t\t\t\t\t\t\t<svg aria-hidden=\"true\" class=\"e-font-icon-svg e-eicon-chevron-right\" viewBox=\"0 0 1000 1000\" xmlns=\"http:\/\/www.w3.org\/2000\/svg\"><path d=\"M696 533C708 521 713 504 713 487 713 471 708 454 696 446L400 146C388 133 375 125 354 125 338 125 325 129 313 142 300 154 292 171 292 187 292 204 296 221 308 233L563 492 304 771C292 783 288 800 288 817 288 833 296 850 308 863 321 871 338 875 354 875 371 875 388 867 400 854L696 533Z\"><\/path><\/svg>\t\t\t\t\t\t<\/div>\n\t\t\t\t\t\t\t\t\t\t\t\t\t\t\t\t<div class=\"swiper-pagination\"><\/div>\n\t\t\t\t\t\t\t\t\t\t\t\t<\/div>\n\t\t\t\t<\/div>\n\t\t\t\t\t\t\t\t<\/div>\n\t\t\t\t<\/div>\n\t\t<div class=\"elementor-element elementor-element-6f8a200 animated-slow e-flex e-con-boxed elementor-invisible e-con e-child\" data-id=\"6f8a200\" data-element_type=\"container\" data-e-type=\"container\" data-settings=\"{&quot;position&quot;:&quot;absolute&quot;,&quot;animation&quot;:&quot;fadeInUp&quot;,&quot;animation_delay&quot;:600}\">\n\t\t\t\t\t<div class=\"e-con-inner\">\n\t\t\t\t<div class=\"elementor-element elementor-element-2a1047e elementor-widget elementor-widget-heading\" data-id=\"2a1047e\" data-element_type=\"widget\" data-e-type=\"widget\" data-widget_type=\"heading.default\">\n\t\t\t\t<div class=\"elementor-widget-container\">\n\t\t\t\t\t<h1 class=\"elementor-heading-title elementor-size-default\">Les sports d'hiver<\/h1>\t\t\t\t<\/div>\n\t\t\t\t<\/div>\n\t\t\t\t\t<\/div>\n\t\t\t\t<\/div>\n\t\t\t\t<\/div>\n\t\t\t\t<div class=\"elementor-element elementor-element-0243a59 elementor-widget elementor-widget-menu-anchor\" data-id=\"0243a59\" data-element_type=\"widget\" data-e-type=\"widget\" data-widget_type=\"menu-anchor.default\">\n\t\t\t\t<div class=\"elementor-widget-container\">\n\t\t\t\t\t\t\t<div class=\"elementor-menu-anchor\" id=\"start\"><\/div>\n\t\t\t\t\t\t<\/div>\n\t\t\t\t<\/div>\n\t\t<div class=\"elementor-element elementor-element-a7b82a5 e-flex e-con-boxed e-con e-child\" data-id=\"a7b82a5\" data-element_type=\"container\" data-e-type=\"container\">\n\t\t\t\t\t<div class=\"e-con-inner\">\n\t\t\t\t<div class=\"elementor-element elementor-element-d5a36c1 elementor-widget elementor-widget-heading\" data-id=\"d5a36c1\" data-element_type=\"widget\" data-e-type=\"widget\" data-widget_type=\"heading.default\">\n\t\t\t\t<div class=\"elementor-widget-container\">\n\t\t\t\t\t<h2 class=\"elementor-heading-title elementor-size-default\">De nombreuses activit\u00e9s sur les sommets enneig\u00e9s\n\n<\/h2>\t\t\t\t<\/div>\n\t\t\t\t<\/div>\n\t\t\t\t<div class=\"elementor-element elementor-element-6fe5668 elementor-widget elementor-widget-spacer\" data-id=\"6fe5668\" data-element_type=\"widget\" data-e-type=\"widget\" data-widget_type=\"spacer.default\">\n\t\t\t\t<div class=\"elementor-widget-container\">\n\t\t\t\t\t\t\t<div class=\"elementor-spacer\">\n\t\t\t<div class=\"elementor-spacer-inner\"><\/div>\n\t\t<\/div>\n\t\t\t\t\t\t<\/div>\n\t\t\t\t<\/div>\n\t\t\t\t<div class=\"elementor-element elementor-element-8ce8c7d elementor-widget elementor-widget-text-editor\" data-id=\"8ce8c7d\" data-element_type=\"widget\" data-e-type=\"widget\" data-widget_type=\"text-editor.default\">\n\t\t\t\t<div class=\"elementor-widget-container\">\n\t\t\t\t\t\t\t\t\t<p>Le domaine skiable de Livigno est connu dans le monde entier pour ses pistes et les activit\u00e9s qui attendent les amateurs de ski et de snowboard !<\/p><p>Outre le <strong>ski alpin<\/strong> et le <strong>ski de fond<\/strong>, les amateurs de snowboard et de <strong>freeride<\/strong> y trouveront \u00e9galement leur compte : le <strong>Snowpark du Mottolino<\/strong> est une r\u00e9f\u00e9rence internationale pour ces disciplines, tandis que sur le versant du <strong>Carosello 3000<\/strong>, un nouveau snowpark prometteur a r\u00e9cemment vu le jour. De plus, les remont\u00e9es m\u00e9caniques de <strong>Tagliede<\/strong> le relient au centre-ville, ce qui vous permet de rentrer directement chez vous, les chaussures aux pieds ! <\/p><p>Sur ce versant de la montagne, tu trouveras \u00e9galement des pistes sp\u00e9cialement am\u00e9nag\u00e9es et des remont\u00e9es m\u00e9caniques accessibles m\u00eame avec les<strong> Fat Bike<\/strong>, ces VTT aux \u00ab roues larges \u00bb qui permettent de rouler sur les pentes enneig\u00e9es et le long des vall\u00e9es blanchies de Livigno.<\/p>\t\t\t\t\t\t\t\t<\/div>\n\t\t\t\t<\/div>\n\t\t\t\t\t<\/div>\n\t\t\t\t<\/div>\n\t\t<div class=\"elementor-element elementor-element-e5ccbc3 e-con-full e-flex e-con e-child\" data-id=\"e5ccbc3\" data-element_type=\"container\" data-e-type=\"container\" data-settings=\"{&quot;background_background&quot;:&quot;classic&quot;}\">\n\t\t\t\t<\/div>\n\t\t<div class=\"elementor-element elementor-element-4f98f9e e-con-full e-flex e-con e-child\" data-id=\"4f98f9e\" data-element_type=\"container\" data-e-type=\"container\" data-settings=\"{&quot;background_background&quot;:&quot;classic&quot;}\">\n\t\t<div class=\"elementor-element elementor-element-fd7d9e8 e-con-full animated-slow e-flex elementor-invisible e-con e-child\" data-id=\"fd7d9e8\" data-element_type=\"container\" data-e-type=\"container\" data-settings=\"{&quot;background_background&quot;:&quot;classic&quot;,&quot;animation&quot;:&quot;fadeInRight&quot;}\">\n\t\t\t\t<\/div>\n\t\t<div class=\"elementor-element elementor-element-20d13b2 e-con-full animated-slow e-flex elementor-invisible e-con e-child\" data-id=\"20d13b2\" data-element_type=\"container\" data-e-type=\"container\" data-settings=\"{&quot;background_background&quot;:&quot;classic&quot;,&quot;animation&quot;:&quot;fadeInLeft&quot;}\">\n\t\t\t\t<div class=\"elementor-element elementor-element-d3d7772 elementor-widget elementor-widget-heading\" data-id=\"d3d7772\" data-element_type=\"widget\" data-e-type=\"widget\" data-widget_type=\"heading.default\">\n\t\t\t\t<div class=\"elementor-widget-container\">\n\t\t\t\t\t<h3 class=\"elementor-heading-title elementor-size-default\">Adrenaline and a unique atmosphere\n\n<\/h3>\t\t\t\t<\/div>\n\t\t\t\t<\/div>\n\t\t\t\t<div class=\"elementor-element elementor-element-1288e73 elementor-widget elementor-widget-text-editor\" data-id=\"1288e73\" data-element_type=\"widget\" data-e-type=\"widget\" data-widget_type=\"text-editor.default\">\n\t\t\t\t<div class=\"elementor-widget-container\">\n\t\t\t\t\t\t\t\t\t<p>Si vous aimez la nouveaut\u00e9 et que l&rsquo;altitude ne vous fait pas peur, essayez l&rsquo;<strong>h\u00e9liski<\/strong> : accompagn\u00e9 de guides de montagne, vous atteindrez les plus hauts sommets en h\u00e9licopt\u00e8re, avant de descendre sur des pistes vierges, loin des sentiers hors-piste les plus fr\u00e9quent\u00e9s.<\/p><p>Si, en revanche, vous pr\u00e9f\u00e9rez les randonn\u00e9es \u00e0 la d\u00e9couverte de la r\u00e9gion, l&rsquo;office du tourisme de Livigno organise de nombreuses balades en for\u00eat en <strong>raquettes<\/strong>, y compris de nuit, avec des haltes dans des <strong>refuges de montagne<\/strong> typiques o\u00f9 vous pourrez d\u00e9guster d&rsquo;excellents <strong>plats traditionnels locaux<\/strong>.<\/p>\t\t\t\t\t\t\t\t<\/div>\n\t\t\t\t<\/div>\n\t\t\t\t<\/div>\n\t\t\t\t<\/div>\n\t\t<div class=\"elementor-element elementor-element-c0d3f42 e-con-full e-flex e-con e-child\" data-id=\"c0d3f42\" data-element_type=\"container\" data-e-type=\"container\" data-settings=\"{&quot;background_background&quot;:&quot;classic&quot;}\">\n\t\t<div class=\"elementor-element elementor-element-d86248b e-con-full animated-slow e-flex elementor-invisible e-con e-child\" data-id=\"d86248b\" data-element_type=\"container\" data-e-type=\"container\" data-settings=\"{&quot;background_background&quot;:&quot;classic&quot;,&quot;animation&quot;:&quot;fadeInLeft&quot;}\">\n\t\t\t\t<\/div>\n\t\t<div class=\"elementor-element elementor-element-28bba99 e-con-full animated-slow e-flex elementor-invisible e-con e-child\" data-id=\"28bba99\" data-element_type=\"container\" data-e-type=\"container\" data-settings=\"{&quot;background_background&quot;:&quot;classic&quot;,&quot;animation&quot;:&quot;fadeInRight&quot;}\">\n\t\t\t\t<div class=\"elementor-element elementor-element-385211d elementor-widget elementor-widget-heading\" data-id=\"385211d\" data-element_type=\"widget\" data-e-type=\"widget\" data-widget_type=\"heading.default\">\n\t\t\t\t<div class=\"elementor-widget-container\">\n\t\t\t\t\t<h3 class=\"elementor-heading-title elementor-size-default\">Glace Conduite \u00c9cole\n<\/h3>\t\t\t\t<\/div>\n\t\t\t\t<\/div>\n\t\t\t\t<div class=\"elementor-element elementor-element-a237093 elementor-widget elementor-widget-text-editor\" data-id=\"a237093\" data-element_type=\"widget\" data-e-type=\"widget\" data-widget_type=\"text-editor.default\">\n\t\t\t\t<div class=\"elementor-widget-container\">\n\t\t\t\t\t\t\t\t\t<p>Si vous recherchez une activit\u00e9 hors du commun, qui allie l&rsquo;utile, plaisir et adr\u00e9naline, \u00e0 Livigno tu trouveras l&rsquo;<strong>\u00e9cole de guide s\u00fbre, sportive et de comp\u00e9tition sur la neige et la glace<\/strong>.<\/p><p>Au <strong>Ghiacciodromo <\/strong>t&rsquo; attendent des pilotes professionnels qui t&rsquo; t&rsquo;enseigneront \u00e0 man\u0153uvrer diff\u00e9rents types de voitures sur des terrains \u00e0 faible adh\u00e9rence, avec une le\u00e7on th\u00e9orique dans l&rsquo; espace d&rsquo;accueil chauff\u00e9 et une partie pratique sur piste !<\/p>\t\t\t\t\t\t\t\t<\/div>\n\t\t\t\t<\/div>\n\t\t\t\t<\/div>\n\t\t\t\t<\/div>\n\t\t<div class=\"elementor-element elementor-element-e9fc551 e-con-full elementor-hidden-mobile e-flex e-con e-child\" data-id=\"e9fc551\" data-element_type=\"container\" data-e-type=\"container\" data-settings=\"{&quot;background_background&quot;:&quot;classic&quot;}\">\n\t\t\t\t<\/div>\n\t\t\t\t<\/div>\n\t\t\t\t<\/div>\n\t\t","protected":false},"excerpt":{"rendered":"<p>Les sports d&rsquo;hiver De nombreuses activit\u00e9s sur les sommets enneig\u00e9s Le domaine skiable de Livigno est connu dans le monde entier pour ses pistes et les activit\u00e9s qui attendent les amateurs de ski et de snowboard ! Outre le ski alpin et le ski de fond, les amateurs de snowboard et de freeride y trouveront [&hellip;]<\/p>\n","protected":false},"author":2,"featured_media":0,"parent":0,"menu_order":0,"comment_status":"closed","ping_status":"closed","template":"","meta":{"_acf_changed":false,"footnotes":""},"class_list":["post-2011","page","type-page","status-publish","hentry"],"acf":[],"_links":{"self":[{"href":"https:\/\/www.appartamenti.talacci.it\/fr\/wp-json\/wp\/v2\/pages\/2011","targetHints":{"allow":["GET"]}}],"collection":[{"href":"https:\/\/www.appartamenti.talacci.it\/fr\/wp-json\/wp\/v2\/pages"}],"about":[{"href":"https:\/\/www.appartamenti.talacci.it\/fr\/wp-json\/wp\/v2\/types\/page"}],"author":[{"embeddable":true,"href":"https:\/\/www.appartamenti.talacci.it\/fr\/wp-json\/wp\/v2\/users\/2"}],"replies":[{"embeddable":true,"href":"https:\/\/www.appartamenti.talacci.it\/fr\/wp-json\/wp\/v2\/comments?post=2011"}],"version-history":[{"count":1,"href":"https:\/\/www.appartamenti.talacci.it\/fr\/wp-json\/wp\/v2\/pages\/2011\/revisions"}],"predecessor-version":[{"id":2012,"href":"https:\/\/www.appartamenti.talacci.it\/fr\/wp-json\/wp\/v2\/pages\/2011\/revisions\/2012"}],"wp:attachment":[{"href":"https:\/\/www.appartamenti.talacci.it\/fr\/wp-json\/wp\/v2\/media?parent=2011"}],"curies":[{"name":"wp","href":"https:\/\/api.w.org\/{rel}","templated":true}]}}