{"id":2008,"date":"2026-03-27T14:21:38","date_gmt":"2026-03-27T13:21:38","guid":{"rendered":"https:\/\/appartamenti.talacci.it\/les-sports-a-livigno-en-ete\/"},"modified":"2026-04-13T08:57:07","modified_gmt":"2026-04-13T06:57:07","slug":"les-sports-a-livigno-en-ete","status":"publish","type":"page","link":"https:\/\/www.appartamenti.talacci.it\/fr\/les-sports-a-livigno-en-ete\/","title":{"rendered":"Les sports \u00e0 Livigno en \u00e9t\u00e9"},"content":{"rendered":"\t\t<div data-elementor-type=\"wp-page\" data-elementor-id=\"2008\" class=\"elementor elementor-2008 elementor-1327\" data-elementor-post-type=\"page\">\n\t\t\t\t<div class=\"elementor-element elementor-element-1a28332 e-con-full e-flex e-con e-parent\" data-id=\"1a28332\" data-element_type=\"container\" data-e-type=\"container\">\n\t\t<div class=\"elementor-element elementor-element-f3ea3c4 e-con-full slidertop e-flex e-con e-child\" data-id=\"f3ea3c4\" data-element_type=\"container\" data-e-type=\"container\">\n\t\t\t\t<div class=\"elementor-element elementor-element-f44cb3b elementor--h-position-center elementor--v-position-middle elementor-arrows-position-inside elementor-pagination-position-inside elementor-widget elementor-widget-slides\" data-id=\"f44cb3b\" data-element_type=\"widget\" data-e-type=\"widget\" data-settings=\"{&quot;navigation&quot;:&quot;both&quot;,&quot;autoplay&quot;:&quot;yes&quot;,&quot;pause_on_hover&quot;:&quot;yes&quot;,&quot;pause_on_interaction&quot;:&quot;yes&quot;,&quot;autoplay_speed&quot;:5000,&quot;infinite&quot;:&quot;yes&quot;,&quot;transition&quot;:&quot;slide&quot;,&quot;transition_speed&quot;:500}\" data-widget_type=\"slides.default\">\n\t\t\t\t<div class=\"elementor-widget-container\">\n\t\t\t\t\t\t\t\t\t<div class=\"elementor-swiper\">\n\t\t\t\t\t<div class=\"elementor-slides-wrapper elementor-main-swiper swiper\" role=\"region\" aria-roledescription=\"carousel\" aria-label=\"Slides\" dir=\"ltr\" data-animation=\"fadeInUp\">\n\t\t\t\t<div class=\"swiper-wrapper elementor-slides\">\n\t\t\t\t\t\t\t\t\t\t<div class=\"elementor-repeater-item-fa4c014 swiper-slide\" role=\"group\" aria-roledescription=\"slide\"><div class=\"swiper-slide-bg\" role=\"img\" aria-label=\"Un cycliste roule sur un chemin champ\u00eatre au coucher du soleil.\"><\/div><div class=\"swiper-slide-inner\" ><div class=\"swiper-slide-contents\"><\/div><\/div><\/div><div class=\"elementor-repeater-item-aa715de swiper-slide\" role=\"group\" aria-roledescription=\"slide\"><div class=\"swiper-slide-bg\" role=\"img\" aria-label=\"Trois randonneurs marchant sur une colline sous un ciel ensoleill\u00e9.\"><\/div><div class=\"swiper-slide-inner\" ><div class=\"swiper-slide-contents\"><\/div><\/div><\/div><div class=\"elementor-repeater-item-24326d2 swiper-slide\" role=\"group\" aria-roledescription=\"slide\"><div class=\"swiper-slide-bg\" role=\"img\" aria-label=\"Une randonneuse avec un sac \u00e0 dos rouge marche \u00e0 travers un champ fleuri en montagne sous un ciel partiellement nuageux.\"><\/div><div class=\"swiper-slide-inner\" ><div class=\"swiper-slide-contents\"><\/div><\/div><\/div>\t\t\t\t<\/div>\n\t\t\t\t\t\t\t\t\t\t\t\t\t\t\t<div class=\"elementor-swiper-button elementor-swiper-button-prev\" role=\"button\" tabindex=\"0\" aria-label=\"Diapositive pr\u00e9c\u00e9dente\">\n\t\t\t\t\t\t\t<svg aria-hidden=\"true\" class=\"e-font-icon-svg e-eicon-chevron-left\" viewBox=\"0 0 1000 1000\" xmlns=\"http:\/\/www.w3.org\/2000\/svg\"><path d=\"M646 125C629 125 613 133 604 142L308 442C296 454 292 471 292 487 292 504 296 521 308 533L604 854C617 867 629 875 646 875 663 875 679 871 692 858 704 846 713 829 713 812 713 796 708 779 692 767L438 487 692 225C700 217 708 204 708 187 708 171 704 154 692 142 675 129 663 125 646 125Z\"><\/path><\/svg>\t\t\t\t\t\t<\/div>\n\t\t\t\t\t\t<div class=\"elementor-swiper-button elementor-swiper-button-next\" role=\"button\" tabindex=\"0\" aria-label=\"Diapositive suivante\">\n\t\t\t\t\t\t\t<svg aria-hidden=\"true\" class=\"e-font-icon-svg e-eicon-chevron-right\" viewBox=\"0 0 1000 1000\" xmlns=\"http:\/\/www.w3.org\/2000\/svg\"><path d=\"M696 533C708 521 713 504 713 487 713 471 708 454 696 446L400 146C388 133 375 125 354 125 338 125 325 129 313 142 300 154 292 171 292 187 292 204 296 221 308 233L563 492 304 771C292 783 288 800 288 817 288 833 296 850 308 863 321 871 338 875 354 875 371 875 388 867 400 854L696 533Z\"><\/path><\/svg>\t\t\t\t\t\t<\/div>\n\t\t\t\t\t\t\t\t\t\t\t\t\t\t\t\t<div class=\"swiper-pagination\"><\/div>\n\t\t\t\t\t\t\t\t\t\t\t\t<\/div>\n\t\t\t\t<\/div>\n\t\t\t\t\t\t\t\t<\/div>\n\t\t\t\t<\/div>\n\t\t<div class=\"elementor-element elementor-element-2c7d1d4 animated-slow e-flex e-con-boxed elementor-invisible e-con e-child\" data-id=\"2c7d1d4\" data-element_type=\"container\" data-e-type=\"container\" data-settings=\"{&quot;position&quot;:&quot;absolute&quot;,&quot;animation&quot;:&quot;fadeInUp&quot;,&quot;animation_delay&quot;:600}\">\n\t\t\t\t\t<div class=\"e-con-inner\">\n\t\t\t\t<div class=\"elementor-element elementor-element-4d03198 elementor-widget elementor-widget-heading\" data-id=\"4d03198\" data-element_type=\"widget\" data-e-type=\"widget\" data-widget_type=\"heading.default\">\n\t\t\t\t<div class=\"elementor-widget-container\">\n\t\t\t\t\t<h1 class=\"elementor-heading-title elementor-size-default\">Sports d'\u00e9t\u00e9<\/h1>\t\t\t\t<\/div>\n\t\t\t\t<\/div>\n\t\t\t\t\t<\/div>\n\t\t\t\t<\/div>\n\t\t\t\t<\/div>\n\t\t\t\t<div class=\"elementor-element elementor-element-e55f7f6 elementor-widget elementor-widget-menu-anchor\" data-id=\"e55f7f6\" data-element_type=\"widget\" data-e-type=\"widget\" data-widget_type=\"menu-anchor.default\">\n\t\t\t\t<div class=\"elementor-widget-container\">\n\t\t\t\t\t\t\t<div class=\"elementor-menu-anchor\" id=\"start\"><\/div>\n\t\t\t\t\t\t<\/div>\n\t\t\t\t<\/div>\n\t\t<div class=\"elementor-element elementor-element-4f1c5b6 e-flex e-con-boxed e-con e-child\" data-id=\"4f1c5b6\" data-element_type=\"container\" data-e-type=\"container\">\n\t\t\t\t\t<div class=\"e-con-inner\">\n\t\t\t\t<div class=\"elementor-element elementor-element-6da9dff elementor-widget elementor-widget-heading\" data-id=\"6da9dff\" data-element_type=\"widget\" data-e-type=\"widget\" data-widget_type=\"heading.default\">\n\t\t\t\t<div class=\"elementor-widget-container\">\n\t\t\t\t\t<h2 class=\"elementor-heading-title elementor-size-default\">Randonn\u00e9e, trekking et VTT \u00e0 Livigno\n\n<\/h2>\t\t\t\t<\/div>\n\t\t\t\t<\/div>\n\t\t\t\t<div class=\"elementor-element elementor-element-6a437d7 elementor-widget elementor-widget-spacer\" data-id=\"6a437d7\" data-element_type=\"widget\" data-e-type=\"widget\" data-widget_type=\"spacer.default\">\n\t\t\t\t<div class=\"elementor-widget-container\">\n\t\t\t\t\t\t\t<div class=\"elementor-spacer\">\n\t\t\t<div class=\"elementor-spacer-inner\"><\/div>\n\t\t<\/div>\n\t\t\t\t\t\t<\/div>\n\t\t\t\t<\/div>\n\t\t\t\t<div class=\"elementor-element elementor-element-614d249 elementor-widget elementor-widget-text-editor\" data-id=\"614d249\" data-element_type=\"widget\" data-e-type=\"widget\" data-widget_type=\"text-editor.default\">\n\t\t\t\t<div class=\"elementor-widget-container\">\n\t\t\t\t\t\t\t\t\t<p><strong>Livigno <\/strong>est sans aucun doute le paradis du <strong>sport <\/strong>et des <strong>activit\u00e9s de plein air<\/strong>, et la tr\u00e8s large gamme d&rsquo;options qu&rsquo;elle propose \u00e0 chaque saison en est la preuve la plus tangible.<\/p><p>En \u00e9t\u00e9, vous pourrez explorer cette magnifique r\u00e9gion en <strong>VTT<\/strong>, ou en empruntant les sentiers balis\u00e9s de <strong>randonn\u00e9e<\/strong> et de <strong>marche nordique. <\/strong><br>Le <strong>Bike Park Mottolino<\/strong> propose des sentiers de terre accident\u00e9s et riches en adr\u00e9naline, adapt\u00e9s aux professionnels du v\u00e9lo et aux amateurs de <strong>descente<\/strong> ; le <strong>Bike Park Carosello 3000<\/strong> propose quant \u00e0 lui de nouveaux parcours flow-trails, accessibles \u00e0 tous en fonction de leur niveau : le <strong>flow country<\/strong> est id\u00e9al pour ceux qui souhaitent allier s\u00e9curit\u00e9 et adr\u00e9naline !<\/p><p>Il existe \u00e9galement de tr\u00e8s nombreux sentiers, tant \u00e0 l&rsquo;int\u00e9rieur qu&rsquo;\u00e0 l&rsquo;ext\u00e9rieur du <strong>Parc national du Stelvio<\/strong>, de diff\u00e9rents niveaux de difficult\u00e9, que l&rsquo;on peut parcourir seul en suivant les cartes et les itin\u00e9raires recommand\u00e9s, ou en compagnie de guides qualifi\u00e9s et fins connaisseurs de ces lieux, qui organisent des <strong>excursionset <strong>des randonn\u00e9es<\/strong> \u00e0 la d\u00e9couverte de la flore et de la faune caract\u00e9ristiques de ces sommets.<\/strong><\/p>\t\t\t\t\t\t\t\t<\/div>\n\t\t\t\t<\/div>\n\t\t\t\t\t<\/div>\n\t\t\t\t<\/div>\n\t\t<div class=\"elementor-element elementor-element-534c68c e-con-full e-flex e-con e-child\" data-id=\"534c68c\" data-element_type=\"container\" data-e-type=\"container\" data-settings=\"{&quot;background_background&quot;:&quot;classic&quot;}\">\n\t\t\t\t<\/div>\n\t\t<div class=\"elementor-element elementor-element-53f5eeb e-con-full e-flex e-con e-child\" data-id=\"53f5eeb\" data-element_type=\"container\" data-e-type=\"container\" data-settings=\"{&quot;background_background&quot;:&quot;classic&quot;}\">\n\t\t<div class=\"elementor-element elementor-element-df4e11c e-con-full animated-slow e-flex elementor-invisible e-con e-child\" data-id=\"df4e11c\" data-element_type=\"container\" data-e-type=\"container\" data-settings=\"{&quot;background_background&quot;:&quot;classic&quot;,&quot;animation&quot;:&quot;fadeInRight&quot;}\">\n\t\t\t\t<\/div>\n\t\t<div class=\"elementor-element elementor-element-6d92183 e-con-full animated-slow e-flex elementor-invisible e-con e-child\" data-id=\"6d92183\" data-element_type=\"container\" data-e-type=\"container\" data-settings=\"{&quot;background_background&quot;:&quot;classic&quot;,&quot;animation&quot;:&quot;fadeInLeft&quot;}\">\n\t\t\t\t<div class=\"elementor-element elementor-element-e0bfd06 elementor-widget elementor-widget-text-editor\" data-id=\"e0bfd06\" data-element_type=\"widget\" data-e-type=\"widget\" data-widget_type=\"text-editor.default\">\n\t\t\t\t<div class=\"elementor-widget-container\">\n\t\t\t\t\t\t\t\t\t<p>De nombreux \u00e9v\u00e9nements rassemblent \u00e9galement, pendant l&rsquo;\u00e9t\u00e9, les amateurs de <strong>jogging <\/strong>en altitude, le <strong>skyrunning<\/strong>. Le plus connu est le rassemblement international du Livigno Skymarathon : 34 km de course en altitude, sur des sentiers battus et des chemins de terre, avec un d\u00e9nivel\u00e9 de 2 700 m\u00e8tres ! <\/p><p>Gr\u00e2ce \u00e0 ses <strong>1 816 m\u00e8tres<\/strong> d&rsquo;altitude, Livigno est la destination id\u00e9ale pour l&rsquo;<strong>entra\u00eenement en altitude<\/strong> : <strong> <\/strong>De nombreux sportifs et champions la choisissent en effet pour leurs stages et leurs entra\u00eenements, pr\u00e9cis\u00e9ment en raison des bienfaits que l&rsquo;altitude apporte \u00e0 la circulation sanguine et \u00e0 l&rsquo;oxyg\u00e9nation des muscles.<\/p>\t\t\t\t\t\t\t\t<\/div>\n\t\t\t\t<\/div>\n\t\t\t\t<\/div>\n\t\t\t\t<\/div>\n\t\t<div class=\"elementor-element elementor-element-e1870f0 e-con-full e-flex e-con e-child\" data-id=\"e1870f0\" data-element_type=\"container\" data-e-type=\"container\" data-settings=\"{&quot;background_background&quot;:&quot;classic&quot;}\">\n\t\t<div class=\"elementor-element elementor-element-c972fa7 e-con-full animated-slow e-flex elementor-invisible e-con e-child\" data-id=\"c972fa7\" data-element_type=\"container\" data-e-type=\"container\" data-settings=\"{&quot;background_background&quot;:&quot;classic&quot;,&quot;animation&quot;:&quot;fadeInLeft&quot;}\">\n\t\t\t\t<\/div>\n\t\t<div class=\"elementor-element elementor-element-88eb69c e-con-full animated-slow e-flex elementor-invisible e-con e-child\" data-id=\"88eb69c\" data-element_type=\"container\" data-e-type=\"container\" data-settings=\"{&quot;background_background&quot;:&quot;classic&quot;,&quot;animation&quot;:&quot;fadeInRight&quot;}\">\n\t\t\t\t<div class=\"elementor-element elementor-element-367d4ef elementor-widget elementor-widget-text-editor\" data-id=\"367d4ef\" data-element_type=\"widget\" data-e-type=\"widget\" data-widget_type=\"text-editor.default\">\n\t\t\t\t<div class=\"elementor-widget-container\">\n\t\t\t\t\t\t\t\t\t<p>Si vous recherchez une activit\u00e9 hors du commun, qui allie<\/p><p>Ceux qui pr\u00e9f\u00e8rent des activit\u00e9s plus tranquilles, ou adapt\u00e9es aux enfants, seront ravis d&rsquo;apprendre que Livigno est travers\u00e9e par une longue <strong>piste cyclable<\/strong> accessible \u00e9galement aux rollers ou aux v\u00e9los de course, qui longe la rivi\u00e8re Sp\u00f6l et vous offrira des panoramas inoubliables.<\/p><p>Non loin de nos appartements se trouve \u00e9galement le <strong>Larix Park<\/strong> : un parc d&rsquo;aventure nich\u00e9 au c\u0153ur d&rsquo;une v\u00e9g\u00e9tation de m\u00e9l\u00e8zes mill\u00e9naires, o\u00f9 petits et grands peuvent se lancer des d\u00e9fis sur des parcours suspendus de diff\u00e9rentes hauteurs.<\/p><p>Le <strong>lac artificiel<\/strong> est \u00e9galement facilement accessible ; on peut d\u00e9sormais y naviguer en <strong>cano\u00eb, <\/strong><strong>kayaks<\/strong> et <strong>planche \u00e0 voile<\/strong>, o\u00f9<strong> <\/strong>vous pourrez vous d\u00e9connecter et vous d\u00e9tendre au c\u0153ur de la nature.<\/p><p>Utilit\u00e9, plaisir et adr\u00e9naline, \u00e0 Livigno vous trouverez l&rsquo;<strong>\u00e9cole de conduite s\u00fbre, sportive et de comp\u00e9tition sur la neige et la glace<\/strong>.<\/p><p>Au <strong>Ghiacciodromo <\/strong>t&rsquo; attendent des pilotes professionnels qui t&rsquo; t&rsquo;enseigneront \u00e0 man\u0153uvrer diff\u00e9rents types de voitures sur des terrains \u00e0 faible adh\u00e9rence, avec une le\u00e7on th\u00e9orique dans l&rsquo; espace d&rsquo;accueil chauff\u00e9 et une partie pratique sur piste !<\/p>\t\t\t\t\t\t\t\t<\/div>\n\t\t\t\t<\/div>\n\t\t\t\t<\/div>\n\t\t\t\t<\/div>\n\t\t<div class=\"elementor-element elementor-element-df1d932 e-con-full elementor-hidden-mobile e-flex e-con e-child\" data-id=\"df1d932\" data-element_type=\"container\" data-e-type=\"container\" data-settings=\"{&quot;background_background&quot;:&quot;classic&quot;}\">\n\t\t\t\t<\/div>\n\t\t\t\t<\/div>\n\t\t\t\t<\/div>\n\t\t","protected":false},"excerpt":{"rendered":"<p>Sports d&rsquo;\u00e9t\u00e9 Randonn\u00e9e, trekking et VTT \u00e0 Livigno Livigno est sans aucun doute le paradis du sport et des activit\u00e9s de plein air, et la tr\u00e8s large gamme d&rsquo;options qu&rsquo;elle propose \u00e0 chaque saison en est la preuve la plus tangible. En \u00e9t\u00e9, vous pourrez explorer cette magnifique r\u00e9gion en VTT, ou en empruntant les [&hellip;]<\/p>\n","protected":false},"author":2,"featured_media":0,"parent":0,"menu_order":0,"comment_status":"closed","ping_status":"closed","template":"","meta":{"_acf_changed":false,"footnotes":""},"class_list":["post-2008","page","type-page","status-publish","hentry"],"acf":[],"_links":{"self":[{"href":"https:\/\/www.appartamenti.talacci.it\/fr\/wp-json\/wp\/v2\/pages\/2008","targetHints":{"allow":["GET"]}}],"collection":[{"href":"https:\/\/www.appartamenti.talacci.it\/fr\/wp-json\/wp\/v2\/pages"}],"about":[{"href":"https:\/\/www.appartamenti.talacci.it\/fr\/wp-json\/wp\/v2\/types\/page"}],"author":[{"embeddable":true,"href":"https:\/\/www.appartamenti.talacci.it\/fr\/wp-json\/wp\/v2\/users\/2"}],"replies":[{"embeddable":true,"href":"https:\/\/www.appartamenti.talacci.it\/fr\/wp-json\/wp\/v2\/comments?post=2008"}],"version-history":[{"count":2,"href":"https:\/\/www.appartamenti.talacci.it\/fr\/wp-json\/wp\/v2\/pages\/2008\/revisions"}],"predecessor-version":[{"id":2929,"href":"https:\/\/www.appartamenti.talacci.it\/fr\/wp-json\/wp\/v2\/pages\/2008\/revisions\/2929"}],"wp:attachment":[{"href":"https:\/\/www.appartamenti.talacci.it\/fr\/wp-json\/wp\/v2\/media?parent=2008"}],"curies":[{"name":"wp","href":"https:\/\/api.w.org\/{rel}","templated":true}]}}