{"id":1961,"date":"2025-06-27T14:17:32","date_gmt":"2025-06-27T12:17:32","guid":{"rendered":"https:\/\/appartamenti.talacci.it\/declaration-daccessibilite\/"},"modified":"2026-03-29T22:14:01","modified_gmt":"2026-03-29T20:14:01","slug":"declaration-daccessibilite","status":"publish","type":"page","link":"https:\/\/www.appartamenti.talacci.it\/fr\/declaration-daccessibilite\/","title":{"rendered":"D\u00e9claration d&rsquo;accessibilit\u00e9"},"content":{"rendered":"\t\t<div data-elementor-type=\"wp-page\" data-elementor-id=\"1961\" class=\"elementor elementor-1961 elementor-1118\" data-elementor-post-type=\"page\">\n\t\t\t\t<div class=\"elementor-element elementor-element-fea015a e-flex e-con-boxed e-con e-parent\" data-id=\"fea015a\" data-element_type=\"container\" data-e-type=\"container\">\n\t\t\t\t\t<div class=\"e-con-inner\">\n\t\t<div class=\"elementor-element elementor-element-d7b2f33 e-con-full e-flex e-con e-child\" data-id=\"d7b2f33\" data-element_type=\"container\" data-e-type=\"container\" data-settings=\"{&quot;background_background&quot;:&quot;classic&quot;}\">\n\t\t\t\t<div class=\"elementor-element elementor-element-f1cd5c3 elementor-widget elementor-widget-shortcode\" data-id=\"f1cd5c3\" data-element_type=\"widget\" data-e-type=\"widget\" data-widget_type=\"shortcode.default\">\n\t\t\t\t<div class=\"elementor-widget-container\">\n\t\t\t\t\t\t\t<div class=\"elementor-shortcode\"><h1>D\u00e9claration d'accessibilit\u00e9<\/h1><h2>Talacci Appartamenti<\/h2><p>via Plan 240 23041 Livigno (SO), Italia<\/p><p><a href=\"mailto:talacci@talacci.it\">talacci@talacci.it<\/a><\/p><p>Raison sociale : GT S.r.l.<br>\r\nSi\u00e8ge social : via Plan 240, 23041 Livigno (SO), Italie<br>\r\nNum\u00e9ro d'enregistrement au registre du commerce : 92005040149 Sondrio<br>\r\nNum\u00e9ro de TVA et code fiscal : 92005040149<br>\r\nREA: SO 40931<br>\r\nCapitale Sociale: 306.000,00 i.v.<br>\r\nPEC: gioielleriatalacci@pcert.it<br>\r\nCIR: 014037-CNI-00091<\/p><p>Le site a \u00e9t\u00e9 publi\u00e9 le <strong>6 avril 2026<\/strong><br>Le site a \u00e9t\u00e9 mis \u00e0 jour le <strong>17 avril 2026<\/strong><\/p><h2>Conformit\u00e9<\/h2><p>Ce site est partiellement conforme aux exigences de l'annexe A de la norme UNI CEI EN 301 549 (WCAG 2.1 niveau AA).<\/p><h2>Contenus non accessibles<\/h2><ul><li>Certains \u00e9l\u00e9ments ne respectent pas les contrastes de couleurs requis<\/li><li>Fil d&#039;Ariane non pr\u00e9sent<\/li><\/ul><h2>D\u00e9claration r\u00e9dig\u00e9e par Talacci Appartamenti<\/h2><p>Network Service Srl, sur la base d'une \u00e9valuation interne effectu\u00e9e le 17 avril 2026.<br> Cette d\u00e9claration a \u00e9t\u00e9 r\u00e9alis\u00e9e conform\u00e9ment \u00e0 la directive (UE) 2016\/2102, via une auto-\u00e9valuation effectu\u00e9e par Network Service Srl avec l'aide d'outils automatiques.<\/p><h2>Modalit\u00e9 de signalement<\/h2><p>Vous pouvez signaler tout probl\u00e8me d'accessibilit\u00e9 \u00e0 :<br> Email : <span style=\"text-decoration: underline;\"><a href=\"mailto:accessibilita@network-service.it\">accessibilita@network-service.it<\/a><\/span><br> Nous vous r\u00e9pondrons dans un d\u00e9lai de 30 jours ouvrables.<\/p><h2>Signalement \u00e0 l'AgID<\/h2><p>Si la r\u00e9ponse ne vous satisfait pas, vous pouvez envoyer un signalement \u00e0 l'AgID \u00e0 l'adresse suivante : protocollo@pec.agid.gov.it.<\/p><\/div><style>\r\n        h1 { color: var(--e-global-color-primary); font-size: 40px !important; }\r\n        h2 { color: var(--e-global-color-text); font-size: 24px !important; }\r\n        p, a, li  { color: var(--e-global-color-text); font-size: 16px !important; }\r\n    <\/style><\/div>\n\t\t\t\t\t\t<\/div>\n\t\t\t\t<\/div>\n\t\t\t\t<\/div>\n\t\t\t\t\t<\/div>\n\t\t\t\t<\/div>\n\t\t\t\t<\/div>\n\t\t","protected":false},"excerpt":{"rendered":"","protected":false},"author":2,"featured_media":0,"parent":0,"menu_order":0,"comment_status":"closed","ping_status":"closed","template":"elementor_canvas","meta":{"_acf_changed":false,"footnotes":""},"class_list":["post-1961","page","type-page","status-publish","hentry"],"acf":[],"_links":{"self":[{"href":"https:\/\/www.appartamenti.talacci.it\/fr\/wp-json\/wp\/v2\/pages\/1961","targetHints":{"allow":["GET"]}}],"collection":[{"href":"https:\/\/www.appartamenti.talacci.it\/fr\/wp-json\/wp\/v2\/pages"}],"about":[{"href":"https:\/\/www.appartamenti.talacci.it\/fr\/wp-json\/wp\/v2\/types\/page"}],"author":[{"embeddable":true,"href":"https:\/\/www.appartamenti.talacci.it\/fr\/wp-json\/wp\/v2\/users\/2"}],"replies":[{"embeddable":true,"href":"https:\/\/www.appartamenti.talacci.it\/fr\/wp-json\/wp\/v2\/comments?post=1961"}],"version-history":[{"count":1,"href":"https:\/\/www.appartamenti.talacci.it\/fr\/wp-json\/wp\/v2\/pages\/1961\/revisions"}],"predecessor-version":[{"id":1962,"href":"https:\/\/www.appartamenti.talacci.it\/fr\/wp-json\/wp\/v2\/pages\/1961\/revisions\/1962"}],"wp:attachment":[{"href":"https:\/\/www.appartamenti.talacci.it\/fr\/wp-json\/wp\/v2\/media?parent=1961"}],"curies":[{"name":"wp","href":"https:\/\/api.w.org\/{rel}","templated":true}]}}