{"id":2153,"date":"2026-03-27T14:21:57","date_gmt":"2026-03-27T13:21:57","guid":{"rendered":"https:\/\/appartamenti.talacci.it\/wo-wir-sind\/"},"modified":"2026-04-13T09:09:23","modified_gmt":"2026-04-13T07:09:23","slug":"wo-wir-sind","status":"publish","type":"page","link":"https:\/\/www.appartamenti.talacci.it\/de\/wo-wir-sind\/","title":{"rendered":"Wo wir sind"},"content":{"rendered":"\t\t<div data-elementor-type=\"wp-page\" data-elementor-id=\"2153\" class=\"elementor elementor-2153 elementor-1331\" data-elementor-post-type=\"page\">\n\t\t\t\t<div class=\"elementor-element elementor-element-bffd7f8 e-con-full e-flex e-con e-parent\" data-id=\"bffd7f8\" data-element_type=\"container\" data-e-type=\"container\">\n\t\t<div class=\"elementor-element elementor-element-c3489a7 e-con-full slidertop e-flex e-con e-child\" data-id=\"c3489a7\" data-element_type=\"container\" data-e-type=\"container\">\n\t\t\t\t<div class=\"elementor-element elementor-element-28e0ada elementor-widget elementor-widget-google_maps\" data-id=\"28e0ada\" data-element_type=\"widget\" data-e-type=\"widget\" data-widget_type=\"google_maps.default\">\n\t\t\t\t<div class=\"elementor-widget-container\">\n\t\t\t\t\t\t\t<div class=\"elementor-custom-embed\">\n\t\t\t<iframe loading=\"lazy\"\n\t\t\t\t\tsrc=\"https:\/\/maps.google.com\/maps?q=appartamenti%20talacci%20livigno&#038;t=m&#038;z=16&#038;output=embed&#038;iwloc=near\"\n\t\t\t\t\ttitle=\"appartamenti talacci livigno\"\n\t\t\t\t\taria-label=\"appartamenti talacci livigno\"\n\t\t\t><\/iframe>\n\t\t<\/div>\n\t\t\t\t\t\t<\/div>\n\t\t\t\t<\/div>\n\t\t<div class=\"elementor-element elementor-element-b98ff5a animated-slow e-flex e-con-boxed elementor-invisible e-con e-child\" data-id=\"b98ff5a\" data-element_type=\"container\" data-e-type=\"container\" data-settings=\"{&quot;position&quot;:&quot;absolute&quot;,&quot;animation&quot;:&quot;fadeInUp&quot;,&quot;animation_delay&quot;:600}\">\n\t\t\t\t\t<div class=\"e-con-inner\">\n\t\t\t\t<div class=\"elementor-element elementor-element-39f02e9 elementor-widget elementor-widget-heading\" data-id=\"39f02e9\" data-element_type=\"widget\" data-e-type=\"widget\" data-widget_type=\"heading.default\">\n\t\t\t\t<div class=\"elementor-widget-container\">\n\t\t\t\t\t<h1 class=\"elementor-heading-title elementor-size-default\">Wo wir sind\n<\/h1>\t\t\t\t<\/div>\n\t\t\t\t<\/div>\n\t\t\t\t\t<\/div>\n\t\t\t\t<\/div>\n\t\t\t\t<\/div>\n\t\t\t\t<div class=\"elementor-element elementor-element-4acf559 elementor-widget elementor-widget-menu-anchor\" data-id=\"4acf559\" data-element_type=\"widget\" data-e-type=\"widget\" data-widget_type=\"menu-anchor.default\">\n\t\t\t\t<div class=\"elementor-widget-container\">\n\t\t\t\t\t\t\t<div class=\"elementor-menu-anchor\" id=\"start\"><\/div>\n\t\t\t\t\t\t<\/div>\n\t\t\t\t<\/div>\n\t\t<div class=\"elementor-element elementor-element-90800b0 e-flex e-con-boxed e-con e-child\" data-id=\"90800b0\" data-element_type=\"container\" data-e-type=\"container\">\n\t\t\t\t\t<div class=\"e-con-inner\">\n\t\t\t\t<div class=\"elementor-element elementor-element-39884fd elementor-widget elementor-widget-heading\" data-id=\"39884fd\" data-element_type=\"widget\" data-e-type=\"widget\" data-widget_type=\"heading.default\">\n\t\t\t\t<div class=\"elementor-widget-container\">\n\t\t\t\t\t<h2 class=\"elementor-heading-title elementor-size-default\">Lass das Auto stehen: Hier ist alles nur zwei Schritte von der Haust\u00fcr entfernt!\n\n<\/h2>\t\t\t\t<\/div>\n\t\t\t\t<\/div>\n\t\t\t\t<div class=\"elementor-element elementor-element-87d0b13 elementor-widget elementor-widget-spacer\" data-id=\"87d0b13\" data-element_type=\"widget\" data-e-type=\"widget\" data-widget_type=\"spacer.default\">\n\t\t\t\t<div class=\"elementor-widget-container\">\n\t\t\t\t\t\t\t<div class=\"elementor-spacer\">\n\t\t\t<div class=\"elementor-spacer-inner\"><\/div>\n\t\t<\/div>\n\t\t\t\t\t\t<\/div>\n\t\t\t\t<\/div>\n\t\t\t\t<div class=\"elementor-element elementor-element-61ef1e1 elementor-widget elementor-widget-text-editor\" data-id=\"61ef1e1\" data-element_type=\"widget\" data-e-type=\"widget\" data-widget_type=\"text-editor.default\">\n\t\t\t\t<div class=\"elementor-widget-container\">\n\t\t\t\t\t\t\t\t\t<p><strong>Casa Talacci<\/strong> liegt im Zentrum von <strong>Livigno<\/strong>, nur wenige Schritte von den Skiliften, den Stra\u00dfen des <strong>Vergn\u00fcgens<\/strong>, der <strong>Skischule<\/strong>, vom <strong>Supermarkt<\/strong> und allen Annehmlichkeiten, die t\u00e4glich dazu beitragen, Ihren Urlaub angenehm, unbeschwert und zu etwas Besonderem zu machen.<\/p>\t\t\t\t\t\t\t\t<\/div>\n\t\t\t\t<\/div>\n\t\t\t\t\t<\/div>\n\t\t\t\t<\/div>\n\t\t<div class=\"elementor-element elementor-element-7038a55 e-con-full e-flex e-con e-child\" data-id=\"7038a55\" data-element_type=\"container\" data-e-type=\"container\" data-settings=\"{&quot;background_background&quot;:&quot;classic&quot;}\">\n\t\t\t\t<\/div>\n\t\t<div class=\"elementor-element elementor-element-fd8f11e e-con-full e-flex e-con e-child\" data-id=\"fd8f11e\" data-element_type=\"container\" data-e-type=\"container\" data-settings=\"{&quot;background_background&quot;:&quot;classic&quot;}\">\n\t\t<div class=\"elementor-element elementor-element-9d41afd e-con-full animated-slow e-flex elementor-invisible e-con e-child\" data-id=\"9d41afd\" data-element_type=\"container\" data-e-type=\"container\" data-settings=\"{&quot;background_background&quot;:&quot;classic&quot;,&quot;animation&quot;:&quot;fadeInRight&quot;}\">\n\t\t\t\t<\/div>\n\t\t<div class=\"elementor-element elementor-element-3b36293 e-con-full animated-slow e-flex elementor-invisible e-con e-child\" data-id=\"3b36293\" data-element_type=\"container\" data-e-type=\"container\" data-settings=\"{&quot;background_background&quot;:&quot;classic&quot;,&quot;animation&quot;:&quot;fadeInLeft&quot;}\">\n\t\t\t\t<div class=\"elementor-element elementor-element-77a8f85 elementor-widget elementor-widget-heading\" data-id=\"77a8f85\" data-element_type=\"widget\" data-e-type=\"widget\" data-widget_type=\"heading.default\">\n\t\t\t\t<div class=\"elementor-widget-container\">\n\t\t\t\t\t<h4 class=\"elementor-heading-title elementor-size-default\">Von der Casa Talacci aus erreichen Sie bequem die interessantesten Orte f\u00fcr Wellness und Entspannung:<\/h4>\t\t\t\t<\/div>\n\t\t\t\t<\/div>\n\t\t\t\t<div class=\"elementor-element elementor-element-1cf9023 elementor-widget elementor-widget-text-editor\" data-id=\"1cf9023\" data-element_type=\"widget\" data-e-type=\"widget\" data-widget_type=\"text-editor.default\">\n\t\t\t\t<div class=\"elementor-widget-container\">\n\t\t\t\t\t\t\t\t\t<ul><li><strong>Bike Park Mottolino<\/strong> &#8211; 800 mt<\/li><li><strong>Centro Wellness Aquagranda Active you<\/strong> \u2013 2 km<\/li><li><strong>Larix Park<\/strong> \u2013 2,7 km<\/li><li><strong>Nationalpark Stilfser Joch des Stilfser Jochs<\/strong> \u2013 5 km<\/li><li><strong>Thermen von Bormio<\/strong> \u2013 35 km<\/li><li><strong>Roter Bernina-Zug<\/strong> \u2013 Bahnhof Tirano \u2013 49 km <\/li><\/ul>\t\t\t\t\t\t\t\t<\/div>\n\t\t\t\t<\/div>\n\t\t\t\t<\/div>\n\t\t\t\t<\/div>\n\t\t<div class=\"elementor-element elementor-element-d32d0c5 e-con-full e-flex e-con e-child\" data-id=\"d32d0c5\" data-element_type=\"container\" data-e-type=\"container\" data-settings=\"{&quot;background_background&quot;:&quot;classic&quot;}\">\n\t\t<div class=\"elementor-element elementor-element-00ce697 e-con-full animated-slow e-flex elementor-invisible e-con e-child\" data-id=\"00ce697\" data-element_type=\"container\" data-e-type=\"container\" data-settings=\"{&quot;background_background&quot;:&quot;classic&quot;,&quot;animation&quot;:&quot;fadeInLeft&quot;}\">\n\t\t\t\t<\/div>\n\t\t<div class=\"elementor-element elementor-element-97fbb13 e-con-full animated-slow e-flex elementor-invisible e-con e-child\" data-id=\"97fbb13\" data-element_type=\"container\" data-e-type=\"container\" data-settings=\"{&quot;background_background&quot;:&quot;classic&quot;,&quot;animation&quot;:&quot;fadeInRight&quot;}\">\n\t\t\t\t<div class=\"elementor-element elementor-element-5b501e7 elementor-widget elementor-widget-heading\" data-id=\"5b501e7\" data-element_type=\"widget\" data-e-type=\"widget\" data-widget_type=\"heading.default\">\n\t\t\t\t<div class=\"elementor-widget-container\">\n\t\t\t\t\t<h4 class=\"elementor-heading-title elementor-size-default\">Entscheiden Sie sich f\u00fcr unsere Ferienwohnungen, weil:\n<\/h4>\t\t\t\t<\/div>\n\t\t\t\t<\/div>\n\t\t\t\t<div class=\"elementor-element elementor-element-3d8f466 elementor-widget elementor-widget-text-editor\" data-id=\"3d8f466\" data-element_type=\"widget\" data-e-type=\"widget\" data-widget_type=\"text-editor.default\">\n\t\t\t\t<div class=\"elementor-widget-container\">\n\t\t\t\t\t\t\t\t\t<ul><li>befinden sich im Herzen der Fu\u00dfg\u00e4ngerzone<\/li><li>Sie liegen nur <strong>50 Meter von der Zentralen Ski- und Snowboardschule<\/strong>, ihrem <strong>Sessellift<\/strong> und dem <strong>Kinderheim<\/strong> entfernt<\/li><li>Das <strong>Skipass Center<\/strong> befindet sich direkt vor uns<\/li><li>Nach einem 5-min\u00fctigen Spaziergang erreichst du die Seilbahn Tagliede\/Costaccia.<\/li><\/ul>\t\t\t\t\t\t\t\t<\/div>\n\t\t\t\t<\/div>\n\t\t\t\t<div class=\"elementor-element elementor-element-c75e992 elementor-widget elementor-widget-button\" data-id=\"c75e992\" data-element_type=\"widget\" data-e-type=\"widget\" data-widget_type=\"button.default\">\n\t\t\t\t<div class=\"elementor-widget-container\">\n\t\t\t\t\t\t\t\t\t<div class=\"elementor-button-wrapper\">\n\t\t\t\t\t<a class=\"elementor-button elementor-button-link elementor-size-sm\" href=\"https:\/\/maps.app.goo.gl\/ZNk5BZREfbDbR5rd8\" target=\"_blank\" rel=\"noopener\">\n\t\t\t\t\t\t<span class=\"elementor-button-content-wrapper\">\n\t\t\t\t\t\t\t\t\t<span class=\"elementor-button-text\">Berechnen die Route<\/span>\n\t\t\t\t\t<\/span>\n\t\t\t\t\t<\/a>\n\t\t\t\t<\/div>\n\t\t\t\t\t\t\t\t<\/div>\n\t\t\t\t<\/div>\n\t\t\t\t<\/div>\n\t\t\t\t<\/div>\n\t\t<div class=\"elementor-element elementor-element-155bcf5 e-con-full elementor-hidden-mobile e-flex e-con e-child\" data-id=\"155bcf5\" data-element_type=\"container\" data-e-type=\"container\" data-settings=\"{&quot;background_background&quot;:&quot;classic&quot;}\">\n\t\t\t\t<\/div>\n\t\t\t\t<\/div>\n\t\t\t\t<\/div>\n\t\t","protected":false},"excerpt":{"rendered":"<p>Wo wir sind Lass das Auto stehen: Hier ist alles nur zwei Schritte von der Haust\u00fcr entfernt! Casa Talacci liegt im Zentrum von Livigno, nur wenige Schritte von den Skiliften, den Stra\u00dfen des Vergn\u00fcgens, der Skischule, vom Supermarkt und allen Annehmlichkeiten, die t\u00e4glich dazu beitragen, Ihren Urlaub angenehm, unbeschwert und zu etwas Besonderem zu machen. [&hellip;]<\/p>\n","protected":false},"author":2,"featured_media":0,"parent":0,"menu_order":0,"comment_status":"closed","ping_status":"closed","template":"","meta":{"_acf_changed":false,"footnotes":""},"class_list":["post-2153","page","type-page","status-publish","hentry"],"acf":[],"_links":{"self":[{"href":"https:\/\/www.appartamenti.talacci.it\/de\/wp-json\/wp\/v2\/pages\/2153","targetHints":{"allow":["GET"]}}],"collection":[{"href":"https:\/\/www.appartamenti.talacci.it\/de\/wp-json\/wp\/v2\/pages"}],"about":[{"href":"https:\/\/www.appartamenti.talacci.it\/de\/wp-json\/wp\/v2\/types\/page"}],"author":[{"embeddable":true,"href":"https:\/\/www.appartamenti.talacci.it\/de\/wp-json\/wp\/v2\/users\/2"}],"replies":[{"embeddable":true,"href":"https:\/\/www.appartamenti.talacci.it\/de\/wp-json\/wp\/v2\/comments?post=2153"}],"version-history":[{"count":2,"href":"https:\/\/www.appartamenti.talacci.it\/de\/wp-json\/wp\/v2\/pages\/2153\/revisions"}],"predecessor-version":[{"id":2175,"href":"https:\/\/www.appartamenti.talacci.it\/de\/wp-json\/wp\/v2\/pages\/2153\/revisions\/2175"}],"wp:attachment":[{"href":"https:\/\/www.appartamenti.talacci.it\/de\/wp-json\/wp\/v2\/media?parent=2153"}],"curies":[{"name":"wp","href":"https:\/\/api.w.org\/{rel}","templated":true}]}}