{"id":2014,"date":"2026-03-27T14:21:50","date_gmt":"2026-03-27T13:21:50","guid":{"rendered":"https:\/\/appartamenti.talacci.it\/sport-in-livigno-im-winter\/"},"modified":"2026-03-29T22:26:29","modified_gmt":"2026-03-29T20:26:29","slug":"sport-in-livigno-im-winter","status":"publish","type":"page","link":"https:\/\/www.appartamenti.talacci.it\/de\/sport-in-livigno-im-winter\/","title":{"rendered":"Sport in Livigno im Winter"},"content":{"rendered":"\t\t<div data-elementor-type=\"wp-page\" data-elementor-id=\"2014\" class=\"elementor elementor-2014 elementor-1329\" data-elementor-post-type=\"page\">\n\t\t\t\t<div class=\"elementor-element elementor-element-a43fb51 e-con-full e-flex e-con e-parent\" data-id=\"a43fb51\" data-element_type=\"container\" data-e-type=\"container\">\n\t\t<div class=\"elementor-element elementor-element-c5b1bb1 e-con-full slidertop e-flex e-con e-child\" data-id=\"c5b1bb1\" data-element_type=\"container\" data-e-type=\"container\">\n\t\t\t\t<div class=\"elementor-element elementor-element-34bd57e elementor--h-position-center elementor--v-position-middle elementor-arrows-position-inside elementor-pagination-position-inside elementor-widget elementor-widget-slides\" data-id=\"34bd57e\" data-element_type=\"widget\" data-e-type=\"widget\" data-settings=\"{&quot;navigation&quot;:&quot;both&quot;,&quot;autoplay&quot;:&quot;yes&quot;,&quot;pause_on_hover&quot;:&quot;yes&quot;,&quot;pause_on_interaction&quot;:&quot;yes&quot;,&quot;autoplay_speed&quot;:5000,&quot;infinite&quot;:&quot;yes&quot;,&quot;transition&quot;:&quot;slide&quot;,&quot;transition_speed&quot;:500}\" data-widget_type=\"slides.default\">\n\t\t\t\t<div class=\"elementor-widget-container\">\n\t\t\t\t\t\t\t\t\t<div class=\"elementor-swiper\">\n\t\t\t\t\t<div class=\"elementor-slides-wrapper elementor-main-swiper swiper\" role=\"region\" aria-roledescription=\"carousel\" aria-label=\"Slides\" dir=\"ltr\" data-animation=\"fadeInUp\">\n\t\t\t\t<div class=\"swiper-wrapper elementor-slides\">\n\t\t\t\t\t\t\t\t\t\t<div class=\"elementor-repeater-item-fa4c014 swiper-slide\" role=\"group\" aria-roledescription=\"slide\"><div class=\"swiper-slide-bg\" role=\"img\" aria-label=\"Escursionista cammina su un crinale innevato al tramonto.\"><\/div><div class=\"swiper-slide-inner\" ><div class=\"swiper-slide-contents\"><\/div><\/div><\/div><div class=\"elementor-repeater-item-c043336 swiper-slide\" role=\"group\" aria-roledescription=\"slide\"><div class=\"swiper-slide-bg\" role=\"img\" aria-label=\"Snowboarder in azione su una montagna innevata con sfondo di montagne e cielo azzurro.\"><\/div><div class=\"swiper-slide-inner\" ><div class=\"swiper-slide-contents\"><\/div><\/div><\/div><div class=\"elementor-repeater-item-3090a40 swiper-slide\" role=\"group\" aria-roledescription=\"slide\"><div class=\"swiper-slide-bg\" role=\"img\" aria-label=\"Sciare in seggiovia con vista su montagne innevate illuminate dal sole.\"><\/div><div class=\"swiper-slide-inner\" ><div class=\"swiper-slide-contents\"><\/div><\/div><\/div><div class=\"elementor-repeater-item-4d19ec7 swiper-slide\" role=\"group\" aria-roledescription=\"slide\"><div class=\"swiper-slide-bg\" role=\"img\" aria-label=\"Ciclista che percorre un sentiero innevato con una fat bike sotto il sole.\"><\/div><div class=\"swiper-slide-inner\" ><div class=\"swiper-slide-contents\"><\/div><\/div><\/div>\t\t\t\t<\/div>\n\t\t\t\t\t\t\t\t\t\t\t\t\t\t\t<div class=\"elementor-swiper-button elementor-swiper-button-prev\" role=\"button\" tabindex=\"0\" aria-label=\"Vorheriger Slide\">\n\t\t\t\t\t\t\t<svg aria-hidden=\"true\" class=\"e-font-icon-svg e-eicon-chevron-left\" viewBox=\"0 0 1000 1000\" xmlns=\"http:\/\/www.w3.org\/2000\/svg\"><path d=\"M646 125C629 125 613 133 604 142L308 442C296 454 292 471 292 487 292 504 296 521 308 533L604 854C617 867 629 875 646 875 663 875 679 871 692 858 704 846 713 829 713 812 713 796 708 779 692 767L438 487 692 225C700 217 708 204 708 187 708 171 704 154 692 142 675 129 663 125 646 125Z\"><\/path><\/svg>\t\t\t\t\t\t<\/div>\n\t\t\t\t\t\t<div class=\"elementor-swiper-button elementor-swiper-button-next\" role=\"button\" tabindex=\"0\" aria-label=\"N\u00e4chster Slide\">\n\t\t\t\t\t\t\t<svg aria-hidden=\"true\" class=\"e-font-icon-svg e-eicon-chevron-right\" viewBox=\"0 0 1000 1000\" xmlns=\"http:\/\/www.w3.org\/2000\/svg\"><path d=\"M696 533C708 521 713 504 713 487 713 471 708 454 696 446L400 146C388 133 375 125 354 125 338 125 325 129 313 142 300 154 292 171 292 187 292 204 296 221 308 233L563 492 304 771C292 783 288 800 288 817 288 833 296 850 308 863 321 871 338 875 354 875 371 875 388 867 400 854L696 533Z\"><\/path><\/svg>\t\t\t\t\t\t<\/div>\n\t\t\t\t\t\t\t\t\t\t\t\t\t\t\t\t<div class=\"swiper-pagination\"><\/div>\n\t\t\t\t\t\t\t\t\t\t\t\t<\/div>\n\t\t\t\t<\/div>\n\t\t\t\t\t\t\t\t<\/div>\n\t\t\t\t<\/div>\n\t\t<div class=\"elementor-element elementor-element-6f8a200 animated-slow e-flex e-con-boxed elementor-invisible e-con e-child\" data-id=\"6f8a200\" data-element_type=\"container\" data-e-type=\"container\" data-settings=\"{&quot;position&quot;:&quot;absolute&quot;,&quot;animation&quot;:&quot;fadeInUp&quot;,&quot;animation_delay&quot;:600}\">\n\t\t\t\t\t<div class=\"e-con-inner\">\n\t\t\t\t<div class=\"elementor-element elementor-element-2a1047e elementor-widget elementor-widget-heading\" data-id=\"2a1047e\" data-element_type=\"widget\" data-e-type=\"widget\" data-widget_type=\"heading.default\">\n\t\t\t\t<div class=\"elementor-widget-container\">\n\t\t\t\t\t<h1 class=\"elementor-heading-title elementor-size-default\">Wintersport<\/h1>\t\t\t\t<\/div>\n\t\t\t\t<\/div>\n\t\t\t\t\t<\/div>\n\t\t\t\t<\/div>\n\t\t\t\t<\/div>\n\t\t\t\t<div class=\"elementor-element elementor-element-0243a59 elementor-widget elementor-widget-menu-anchor\" data-id=\"0243a59\" data-element_type=\"widget\" data-e-type=\"widget\" data-widget_type=\"menu-anchor.default\">\n\t\t\t\t<div class=\"elementor-widget-container\">\n\t\t\t\t\t\t\t<div class=\"elementor-menu-anchor\" id=\"start\"><\/div>\n\t\t\t\t\t\t<\/div>\n\t\t\t\t<\/div>\n\t\t<div class=\"elementor-element elementor-element-a7b82a5 e-flex e-con-boxed e-con e-child\" data-id=\"a7b82a5\" data-element_type=\"container\" data-e-type=\"container\">\n\t\t\t\t\t<div class=\"e-con-inner\">\n\t\t\t\t<div class=\"elementor-element elementor-element-d5a36c1 elementor-widget elementor-widget-heading\" data-id=\"d5a36c1\" data-element_type=\"widget\" data-e-type=\"widget\" data-widget_type=\"heading.default\">\n\t\t\t\t<div class=\"elementor-widget-container\">\n\t\t\t\t\t<h2 class=\"elementor-heading-title elementor-size-default\">Zahlreiche Aktivit\u00e4ten auf den Gipfeln mit Schnee bedeckt\n\n<\/h2>\t\t\t\t<\/div>\n\t\t\t\t<\/div>\n\t\t\t\t<div class=\"elementor-element elementor-element-6fe5668 elementor-widget elementor-widget-spacer\" data-id=\"6fe5668\" data-element_type=\"widget\" data-e-type=\"widget\" data-widget_type=\"spacer.default\">\n\t\t\t\t<div class=\"elementor-widget-container\">\n\t\t\t\t\t\t\t<div class=\"elementor-spacer\">\n\t\t\t<div class=\"elementor-spacer-inner\"><\/div>\n\t\t<\/div>\n\t\t\t\t\t\t<\/div>\n\t\t\t\t<\/div>\n\t\t\t\t<div class=\"elementor-element elementor-element-8ce8c7d elementor-widget elementor-widget-text-editor\" data-id=\"8ce8c7d\" data-element_type=\"widget\" data-e-type=\"widget\" data-widget_type=\"text-editor.default\">\n\t\t\t\t<div class=\"elementor-widget-container\">\n\t\t\t\t\t\t\t\t\t<p>Das Skigebiet von Livigno ist in der ganzen Welt bekannt a8&gt; Welt f\u00fcr seine Pisten und die Freizeitangebote, die a15&gt; auf die Liebhaber des Skifahrens und des Snowboardens warten!<\/p><p>Neben dem <strong>Alpinski<\/strong> und dem <strong>Langlauf<\/strong> kommen auch Snowboarder und <strong>Freerider<\/strong> voll auf ihre Kosten: Der <strong>Snowpark del Mottolino<\/strong> ist ein internationaler Anziehungspunkt f\u00fcr diese Disziplinen, w\u00e4hrend auf der Seite des <strong>Carosello 3000<\/strong> k\u00fcrzlich ein neuer, vielversprechender Snowpark entstanden ist. Zudem verbinden die Liftanlagen von <strong>Tagliede<\/strong> diesen Ort mit dem Stadtzentrum, sodass du mit den Skischuhen an den F\u00fc\u00dfen direkt vor die Haust\u00fcr gelangen kannst! <\/p><p>Auf dieser Seite des Berges findest du auch spezielle Pisten und Liftanlagen, die auch mit <strong>Fatbikes<\/strong> befahrbar sind \u2013 Mountainbikes mit \u201edicken Reifen\u201c, mit denen du auch auf verschneiten H\u00e4ngen und entlang der schneebedeckten T\u00e4ler von Livigno fahren kannst.<\/p>\t\t\t\t\t\t\t\t<\/div>\n\t\t\t\t<\/div>\n\t\t\t\t\t<\/div>\n\t\t\t\t<\/div>\n\t\t<div class=\"elementor-element elementor-element-e5ccbc3 e-con-full e-flex e-con e-child\" data-id=\"e5ccbc3\" data-element_type=\"container\" data-e-type=\"container\" data-settings=\"{&quot;background_background&quot;:&quot;classic&quot;}\">\n\t\t\t\t<\/div>\n\t\t<div class=\"elementor-element elementor-element-4f98f9e e-con-full e-flex e-con e-child\" data-id=\"4f98f9e\" data-element_type=\"container\" data-e-type=\"container\" data-settings=\"{&quot;background_background&quot;:&quot;classic&quot;}\">\n\t\t<div class=\"elementor-element elementor-element-fd7d9e8 e-con-full animated-slow e-flex elementor-invisible e-con e-child\" data-id=\"fd7d9e8\" data-element_type=\"container\" data-e-type=\"container\" data-settings=\"{&quot;background_background&quot;:&quot;classic&quot;,&quot;animation&quot;:&quot;fadeInRight&quot;}\">\n\t\t\t\t<\/div>\n\t\t<div class=\"elementor-element elementor-element-20d13b2 e-con-full animated-slow e-flex elementor-invisible e-con e-child\" data-id=\"20d13b2\" data-element_type=\"container\" data-e-type=\"container\" data-settings=\"{&quot;background_background&quot;:&quot;classic&quot;,&quot;animation&quot;:&quot;fadeInLeft&quot;}\">\n\t\t\t\t<div class=\"elementor-element elementor-element-d3d7772 elementor-widget elementor-widget-heading\" data-id=\"d3d7772\" data-element_type=\"widget\" data-e-type=\"widget\" data-widget_type=\"heading.default\">\n\t\t\t\t<div class=\"elementor-widget-container\">\n\t\t\t\t\t<h3 class=\"elementor-heading-title elementor-size-default\">Adrenalin und ganz besondere Eindr\u00fccke\n\n<\/h3>\t\t\t\t<\/div>\n\t\t\t\t<\/div>\n\t\t\t\t<div class=\"elementor-element elementor-element-1288e73 elementor-widget elementor-widget-text-editor\" data-id=\"1288e73\" data-element_type=\"widget\" data-e-type=\"widget\" data-widget_type=\"text-editor.default\">\n\t\t\t\t<div class=\"elementor-widget-container\">\n\t\t\t\t\t\t\t\t\t<p>Wenn du Neues liebst und keine Angst vor H\u00f6hen hast, probier doch mal <strong>Heliski<\/strong> aus: Zusammen mit Bergf\u00fchrern erreichst du die h\u00f6chsten Gipfel mit dem Hubschrauber, um dann auf unber\u00fchrten Pisten abseits der ausgetretenen Off-Piste-Wege hinabzufahren.<\/p><p>Wenn du hingegen lieber Ausfl\u00fcge unternimmst, um die Gegend zu erkunden, organisiert das Fremdenverkehrsamt von Livigno zahlreiche Touren durch die W\u00e4lder mit <strong>Schneeschuhen<\/strong>, auch nachts, mit Zwischenstopps in typischen <strong>Bergh\u00fctten<\/strong>, wo du ausgezeichnete <strong>traditionelle Gerichte der Region<\/strong> genie\u00dfen kannst.<\/p>\t\t\t\t\t\t\t\t<\/div>\n\t\t\t\t<\/div>\n\t\t\t\t<\/div>\n\t\t\t\t<\/div>\n\t\t<div class=\"elementor-element elementor-element-c0d3f42 e-con-full e-flex e-con e-child\" data-id=\"c0d3f42\" data-element_type=\"container\" data-e-type=\"container\" data-settings=\"{&quot;background_background&quot;:&quot;classic&quot;}\">\n\t\t<div class=\"elementor-element elementor-element-d86248b e-con-full animated-slow e-flex elementor-invisible e-con e-child\" data-id=\"d86248b\" data-element_type=\"container\" data-e-type=\"container\" data-settings=\"{&quot;background_background&quot;:&quot;classic&quot;,&quot;animation&quot;:&quot;fadeInLeft&quot;}\">\n\t\t\t\t<\/div>\n\t\t<div class=\"elementor-element elementor-element-28bba99 e-con-full animated-slow e-flex elementor-invisible e-con e-child\" data-id=\"28bba99\" data-element_type=\"container\" data-e-type=\"container\" data-settings=\"{&quot;background_background&quot;:&quot;classic&quot;,&quot;animation&quot;:&quot;fadeInRight&quot;}\">\n\t\t\t\t<div class=\"elementor-element elementor-element-385211d elementor-widget elementor-widget-heading\" data-id=\"385211d\" data-element_type=\"widget\" data-e-type=\"widget\" data-widget_type=\"heading.default\">\n\t\t\t\t<div class=\"elementor-widget-container\">\n\t\t\t\t\t<h3 class=\"elementor-heading-title elementor-size-default\">Ice Driving School\n<\/h3>\t\t\t\t<\/div>\n\t\t\t\t<\/div>\n\t\t\t\t<div class=\"elementor-element elementor-element-a237093 elementor-widget elementor-widget-text-editor\" data-id=\"a237093\" data-element_type=\"widget\" data-e-type=\"widget\" data-widget_type=\"text-editor.default\">\n\t\t\t\t<div class=\"elementor-widget-container\">\n\t\t\t\t\t\t\t\t\t<p>Wenn du auf der Suche nach einem au\u00dfergew\u00f6hnlichen Erlebnis bist, das N\u00fctzliches, Spa\u00df und Adrenalin vereint, findest du in Livigno die <strong>Fahrschule f\u00fcr sicheres, sportliches und wettkampforientiertes Fahren auf Schnee und Eis<\/strong>.<\/p><p>Auf der <strong>Eisrennbahn <\/strong>erwarten dich professionelle Rennfahrer, die dir beibringen, wie man verschiedene Fahrzeugtypen auf rutschigem Untergrund beherrscht \u2013 mit einer theoretischen Einweisung im beheizten Hospitality-Bereich und einem praktischen Teil auf der Rennstrecke!<\/p>\t\t\t\t\t\t\t\t<\/div>\n\t\t\t\t<\/div>\n\t\t\t\t<\/div>\n\t\t\t\t<\/div>\n\t\t<div class=\"elementor-element elementor-element-e9fc551 e-con-full elementor-hidden-mobile e-flex e-con e-child\" data-id=\"e9fc551\" data-element_type=\"container\" data-e-type=\"container\" data-settings=\"{&quot;background_background&quot;:&quot;classic&quot;}\">\n\t\t\t\t<\/div>\n\t\t\t\t<\/div>\n\t\t\t\t<\/div>\n\t\t","protected":false},"excerpt":{"rendered":"<p>Wintersport Zahlreiche Aktivit\u00e4ten auf den Gipfeln mit Schnee bedeckt Das Skigebiet von Livigno ist in der ganzen Welt bekannt a8&gt; Welt f\u00fcr seine Pisten und die Freizeitangebote, die a15&gt; auf die Liebhaber des Skifahrens und des Snowboardens warten! Neben dem Alpinski und dem Langlauf kommen auch Snowboarder und Freerider voll auf ihre Kosten: Der Snowpark [&hellip;]<\/p>\n","protected":false},"author":2,"featured_media":0,"parent":0,"menu_order":0,"comment_status":"closed","ping_status":"closed","template":"","meta":{"_acf_changed":false,"footnotes":""},"class_list":["post-2014","page","type-page","status-publish","hentry"],"acf":[],"_links":{"self":[{"href":"https:\/\/www.appartamenti.talacci.it\/de\/wp-json\/wp\/v2\/pages\/2014","targetHints":{"allow":["GET"]}}],"collection":[{"href":"https:\/\/www.appartamenti.talacci.it\/de\/wp-json\/wp\/v2\/pages"}],"about":[{"href":"https:\/\/www.appartamenti.talacci.it\/de\/wp-json\/wp\/v2\/types\/page"}],"author":[{"embeddable":true,"href":"https:\/\/www.appartamenti.talacci.it\/de\/wp-json\/wp\/v2\/users\/2"}],"replies":[{"embeddable":true,"href":"https:\/\/www.appartamenti.talacci.it\/de\/wp-json\/wp\/v2\/comments?post=2014"}],"version-history":[{"count":1,"href":"https:\/\/www.appartamenti.talacci.it\/de\/wp-json\/wp\/v2\/pages\/2014\/revisions"}],"predecessor-version":[{"id":2015,"href":"https:\/\/www.appartamenti.talacci.it\/de\/wp-json\/wp\/v2\/pages\/2014\/revisions\/2015"}],"wp:attachment":[{"href":"https:\/\/www.appartamenti.talacci.it\/de\/wp-json\/wp\/v2\/media?parent=2014"}],"curies":[{"name":"wp","href":"https:\/\/api.w.org\/{rel}","templated":true}]}}