{"id":1999,"date":"2026-03-27T14:21:38","date_gmt":"2026-03-27T13:21:38","guid":{"rendered":"https:\/\/appartamenti.talacci.it\/sport-in-livigno-im-sommer\/"},"modified":"2026-04-13T08:56:27","modified_gmt":"2026-04-13T06:56:27","slug":"sport-in-livigno-im-sommer","status":"publish","type":"page","link":"https:\/\/www.appartamenti.talacci.it\/de\/sport-in-livigno-im-sommer\/","title":{"rendered":"Sport in Livigno im Sommer"},"content":{"rendered":"\t\t<div data-elementor-type=\"wp-page\" data-elementor-id=\"1999\" class=\"elementor elementor-1999 elementor-1327\" data-elementor-post-type=\"page\">\n\t\t\t\t<div class=\"elementor-element elementor-element-1a28332 e-con-full e-flex e-con e-parent\" data-id=\"1a28332\" data-element_type=\"container\" data-e-type=\"container\">\n\t\t<div class=\"elementor-element elementor-element-f3ea3c4 e-con-full slidertop e-flex e-con e-child\" data-id=\"f3ea3c4\" data-element_type=\"container\" data-e-type=\"container\">\n\t\t\t\t<div class=\"elementor-element elementor-element-f44cb3b elementor--h-position-center elementor--v-position-middle elementor-arrows-position-inside elementor-pagination-position-inside elementor-widget elementor-widget-slides\" data-id=\"f44cb3b\" data-element_type=\"widget\" data-e-type=\"widget\" data-settings=\"{&quot;navigation&quot;:&quot;both&quot;,&quot;autoplay&quot;:&quot;yes&quot;,&quot;pause_on_hover&quot;:&quot;yes&quot;,&quot;pause_on_interaction&quot;:&quot;yes&quot;,&quot;autoplay_speed&quot;:5000,&quot;infinite&quot;:&quot;yes&quot;,&quot;transition&quot;:&quot;slide&quot;,&quot;transition_speed&quot;:500}\" data-widget_type=\"slides.default\">\n\t\t\t\t<div class=\"elementor-widget-container\">\n\t\t\t\t\t\t\t\t\t<div class=\"elementor-swiper\">\n\t\t\t\t\t<div class=\"elementor-slides-wrapper elementor-main-swiper swiper\" role=\"region\" aria-roledescription=\"carousel\" aria-label=\"Slides\" dir=\"ltr\" data-animation=\"fadeInUp\">\n\t\t\t\t<div class=\"swiper-wrapper elementor-slides\">\n\t\t\t\t\t\t\t\t\t\t<div class=\"elementor-repeater-item-fa4c014 swiper-slide\" role=\"group\" aria-roledescription=\"slide\"><div class=\"swiper-slide-bg\" role=\"img\" aria-label=\"Ein Radfahrer f\u00e4hrt bei Sonnenuntergang durch eine grasbewachsene Landschaft.\"><\/div><div class=\"swiper-slide-inner\" ><div class=\"swiper-slide-contents\"><\/div><\/div><\/div><div class=\"elementor-repeater-item-aa715de swiper-slide\" role=\"group\" aria-roledescription=\"slide\"><div class=\"swiper-slide-bg\" role=\"img\" aria-label=\"Drei Wanderer mit Rucks\u00e4cken gehen einen H\u00fcgel bei Sonnenuntergang hinauf.\"><\/div><div class=\"swiper-slide-inner\" ><div class=\"swiper-slide-contents\"><\/div><\/div><\/div><div class=\"elementor-repeater-item-24326d2 swiper-slide\" role=\"group\" aria-roledescription=\"slide\"><div class=\"swiper-slide-bg\" role=\"img\" aria-label=\"Eine Person mit rotem Rucksack wandert durch eine bl\u00fchende Berglandschaft.\"><\/div><div class=\"swiper-slide-inner\" ><div class=\"swiper-slide-contents\"><\/div><\/div><\/div>\t\t\t\t<\/div>\n\t\t\t\t\t\t\t\t\t\t\t\t\t\t\t<div class=\"elementor-swiper-button elementor-swiper-button-prev\" role=\"button\" tabindex=\"0\" aria-label=\"Vorheriger Slide\">\n\t\t\t\t\t\t\t<svg aria-hidden=\"true\" class=\"e-font-icon-svg e-eicon-chevron-left\" viewBox=\"0 0 1000 1000\" xmlns=\"http:\/\/www.w3.org\/2000\/svg\"><path d=\"M646 125C629 125 613 133 604 142L308 442C296 454 292 471 292 487 292 504 296 521 308 533L604 854C617 867 629 875 646 875 663 875 679 871 692 858 704 846 713 829 713 812 713 796 708 779 692 767L438 487 692 225C700 217 708 204 708 187 708 171 704 154 692 142 675 129 663 125 646 125Z\"><\/path><\/svg>\t\t\t\t\t\t<\/div>\n\t\t\t\t\t\t<div class=\"elementor-swiper-button elementor-swiper-button-next\" role=\"button\" tabindex=\"0\" aria-label=\"N\u00e4chster Slide\">\n\t\t\t\t\t\t\t<svg aria-hidden=\"true\" class=\"e-font-icon-svg e-eicon-chevron-right\" viewBox=\"0 0 1000 1000\" xmlns=\"http:\/\/www.w3.org\/2000\/svg\"><path d=\"M696 533C708 521 713 504 713 487 713 471 708 454 696 446L400 146C388 133 375 125 354 125 338 125 325 129 313 142 300 154 292 171 292 187 292 204 296 221 308 233L563 492 304 771C292 783 288 800 288 817 288 833 296 850 308 863 321 871 338 875 354 875 371 875 388 867 400 854L696 533Z\"><\/path><\/svg>\t\t\t\t\t\t<\/div>\n\t\t\t\t\t\t\t\t\t\t\t\t\t\t\t\t<div class=\"swiper-pagination\"><\/div>\n\t\t\t\t\t\t\t\t\t\t\t\t<\/div>\n\t\t\t\t<\/div>\n\t\t\t\t\t\t\t\t<\/div>\n\t\t\t\t<\/div>\n\t\t<div class=\"elementor-element elementor-element-2c7d1d4 animated-slow e-flex e-con-boxed elementor-invisible e-con e-child\" data-id=\"2c7d1d4\" data-element_type=\"container\" data-e-type=\"container\" data-settings=\"{&quot;position&quot;:&quot;absolute&quot;,&quot;animation&quot;:&quot;fadeInUp&quot;,&quot;animation_delay&quot;:600}\">\n\t\t\t\t\t<div class=\"e-con-inner\">\n\t\t\t\t<div class=\"elementor-element elementor-element-4d03198 elementor-widget elementor-widget-heading\" data-id=\"4d03198\" data-element_type=\"widget\" data-e-type=\"widget\" data-widget_type=\"heading.default\">\n\t\t\t\t<div class=\"elementor-widget-container\">\n\t\t\t\t\t<h1 class=\"elementor-heading-title elementor-size-default\">Sport im Sommer<\/h1>\t\t\t\t<\/div>\n\t\t\t\t<\/div>\n\t\t\t\t\t<\/div>\n\t\t\t\t<\/div>\n\t\t\t\t<\/div>\n\t\t\t\t<div class=\"elementor-element elementor-element-e55f7f6 elementor-widget elementor-widget-menu-anchor\" data-id=\"e55f7f6\" data-element_type=\"widget\" data-e-type=\"widget\" data-widget_type=\"menu-anchor.default\">\n\t\t\t\t<div class=\"elementor-widget-container\">\n\t\t\t\t\t\t\t<div class=\"elementor-menu-anchor\" id=\"start\"><\/div>\n\t\t\t\t\t\t<\/div>\n\t\t\t\t<\/div>\n\t\t<div class=\"elementor-element elementor-element-4f1c5b6 e-flex e-con-boxed e-con e-child\" data-id=\"4f1c5b6\" data-element_type=\"container\" data-e-type=\"container\">\n\t\t\t\t\t<div class=\"e-con-inner\">\n\t\t\t\t<div class=\"elementor-element elementor-element-6da9dff elementor-widget elementor-widget-heading\" data-id=\"6da9dff\" data-element_type=\"widget\" data-e-type=\"widget\" data-widget_type=\"heading.default\">\n\t\t\t\t<div class=\"elementor-widget-container\">\n\t\t\t\t\t<h2 class=\"elementor-heading-title elementor-size-default\">Wandern, Trekking und Mountainbiking in Livigno\n\n<\/h2>\t\t\t\t<\/div>\n\t\t\t\t<\/div>\n\t\t\t\t<div class=\"elementor-element elementor-element-6a437d7 elementor-widget elementor-widget-spacer\" data-id=\"6a437d7\" data-element_type=\"widget\" data-e-type=\"widget\" data-widget_type=\"spacer.default\">\n\t\t\t\t<div class=\"elementor-widget-container\">\n\t\t\t\t\t\t\t<div class=\"elementor-spacer\">\n\t\t\t<div class=\"elementor-spacer-inner\"><\/div>\n\t\t<\/div>\n\t\t\t\t\t\t<\/div>\n\t\t\t\t<\/div>\n\t\t\t\t<div class=\"elementor-element elementor-element-614d249 elementor-widget elementor-widget-text-editor\" data-id=\"614d249\" data-element_type=\"widget\" data-e-type=\"widget\" data-widget_type=\"text-editor.default\">\n\t\t\t\t<div class=\"elementor-widget-container\">\n\t\t\t\t\t\t\t\t\t<p><strong>Livigno <\/strong>ist zweifelsohne die Heimat des <strong>Sports <\/strong>und der <strong>Outdoor-Aktivit\u00e4ten<\/strong>, und das riesige Angebot an Alternativen f\u00fcr jede Jahreszeit ist der greifbarste Beweis daf\u00fcr.<\/p><p>Im Sommer k\u00f6nnen Sie diese wundersch\u00f6ne Gegend mit dem <strong>Mountainbike<\/strong> oder auf den markierten <strong>Trekking-<\/strong> und<strong> Nordic-Walking-Strecken<\/strong> erkunden<strong>.<\/strong><br>Der<strong> Bike Park Mottolino<\/strong> bietet entschlossene und adrenalingeladene Schotterpisten, die f\u00fcr professionelle Biker und <strong>Downhill-Enthusiasten<\/strong> geeignet sind; der <strong>Bike Park Carosello 3000<\/strong> hingegen bietet neue Flow &#8211; Trails, die von jedem je nach K\u00f6nnen gefahren werden k\u00f6nnen: <strong>Flow Country<\/strong> ist ideal f\u00fcr diejenigen, die Sicherheit und Adrenalin kombinieren wollen!<\/p><p>Auch innerhalb und au\u00dferhalb des <strong>Stilfserjoch-Nationalparks<\/strong> gibt es zahlreiche Wanderwege mit unterschiedlichem Schwierigkeitsgrad, die man alleine, den Karten und empfohlenen Routen folgend, oder zusammen mit qualifizierten F\u00fchrern und profunden Kennern dieser Orte, die <strong>Touren<\/strong> und <strong>Ausfl\u00fcge<\/strong> organisieren, um die charakteristische Flora und Fauna dieser Gipfel zu entdecken, begehen kann.<\/p>\t\t\t\t\t\t\t\t<\/div>\n\t\t\t\t<\/div>\n\t\t\t\t\t<\/div>\n\t\t\t\t<\/div>\n\t\t<div class=\"elementor-element elementor-element-534c68c e-con-full e-flex e-con e-child\" data-id=\"534c68c\" data-element_type=\"container\" data-e-type=\"container\" data-settings=\"{&quot;background_background&quot;:&quot;classic&quot;}\">\n\t\t\t\t<\/div>\n\t\t<div class=\"elementor-element elementor-element-53f5eeb e-con-full e-flex e-con e-child\" data-id=\"53f5eeb\" data-element_type=\"container\" data-e-type=\"container\" data-settings=\"{&quot;background_background&quot;:&quot;classic&quot;}\">\n\t\t<div class=\"elementor-element elementor-element-df4e11c e-con-full animated-slow e-flex elementor-invisible e-con e-child\" data-id=\"df4e11c\" data-element_type=\"container\" data-e-type=\"container\" data-settings=\"{&quot;background_background&quot;:&quot;classic&quot;,&quot;animation&quot;:&quot;fadeInRight&quot;}\">\n\t\t\t\t<\/div>\n\t\t<div class=\"elementor-element elementor-element-6d92183 e-con-full animated-slow e-flex elementor-invisible e-con e-child\" data-id=\"6d92183\" data-element_type=\"container\" data-e-type=\"container\" data-settings=\"{&quot;background_background&quot;:&quot;classic&quot;,&quot;animation&quot;:&quot;fadeInLeft&quot;}\">\n\t\t\t\t<div class=\"elementor-element elementor-element-e0bfd06 elementor-widget elementor-widget-text-editor\" data-id=\"e0bfd06\" data-element_type=\"widget\" data-e-type=\"widget\" data-widget_type=\"text-editor.default\">\n\t\t\t\t<div class=\"elementor-widget-container\">\n\t\t\t\t\t\t\t\t\t<p>Au\u00dferdem gibt es im Sommer viele Veranstaltungen, die Liebhaber des <strong>H\u00f6henjoggings <\/strong>, des <strong>Skyrunning<\/strong>, zusammenbringen. Das bekannteste ist der internationale Livigno Skymarathon: 34 km Laufen in der H\u00f6he, auf befestigten und unbefestigten Wegen, mit einem H\u00f6henunterschied von 2700 Metern! <\/p><p>Livigno ist dank seiner H\u00f6he von <strong>1816 Metern<\/strong> das ideale Ziel f\u00fcr<strong>H\u00f6hentraining<\/strong>:<strong> <\/strong>sehr sportliche Menschen und Champions w\u00e4hlen es f\u00fcr ihre R\u00fcckz\u00fcge und ihr Training, gerade wegen der Vorteile, die die H\u00f6he auf den Blutkreislauf und die Sauerstoffversorgung der Muskeln hat.<\/p>\t\t\t\t\t\t\t\t<\/div>\n\t\t\t\t<\/div>\n\t\t\t\t<\/div>\n\t\t\t\t<\/div>\n\t\t<div class=\"elementor-element elementor-element-e1870f0 e-con-full e-flex e-con e-child\" data-id=\"e1870f0\" data-element_type=\"container\" data-e-type=\"container\" data-settings=\"{&quot;background_background&quot;:&quot;classic&quot;}\">\n\t\t<div class=\"elementor-element elementor-element-c972fa7 e-con-full animated-slow e-flex elementor-invisible e-con e-child\" data-id=\"c972fa7\" data-element_type=\"container\" data-e-type=\"container\" data-settings=\"{&quot;background_background&quot;:&quot;classic&quot;,&quot;animation&quot;:&quot;fadeInLeft&quot;}\">\n\t\t\t\t<\/div>\n\t\t<div class=\"elementor-element elementor-element-88eb69c e-con-full animated-slow e-flex elementor-invisible e-con e-child\" data-id=\"88eb69c\" data-element_type=\"container\" data-e-type=\"container\" data-settings=\"{&quot;background_background&quot;:&quot;classic&quot;,&quot;animation&quot;:&quot;fadeInRight&quot;}\">\n\t\t\t\t<div class=\"elementor-element elementor-element-367d4ef elementor-widget elementor-widget-text-editor\" data-id=\"367d4ef\" data-element_type=\"widget\" data-e-type=\"widget\" data-widget_type=\"text-editor.default\">\n\t\t\t\t<div class=\"elementor-widget-container\">\n\t\t\t\t\t\t\t\t\t<p>Wenn Sie auf der Suche nach einer ungew\u00f6hnlichen Aktivit\u00e4t sind, die die<\/p><p>Diejenigen, die eher gem\u00e4chliche Aktivit\u00e4ten bevorzugen, oder die auch f\u00fcr Kinder ideal sind, werden sich freuen zu h\u00f6ren, dass Livigno von einem langen <strong>Radweg<\/strong> durchzogen ist, der auch auf Skates oder Rennr\u00e4dern befahren werden kann, der entlang des Flusses Sp\u00f6l verl\u00e4uft und unvergessliche Ausblicke bietet.<\/p><p>Nicht weit von unseren Wohnungen entfernt befindet sich auch der<strong> Larix-Park<\/strong>: ein von tausendj\u00e4hrigen L\u00e4rchen umgebener Abenteuerpark, in dem sich Erwachsene und Kinder auf schwebenden Parcours in verschiedenen H\u00f6hen messen k\u00f6nnen.<\/p><p>Ebenfalls leicht zug\u00e4nglich ist der<strong> k\u00fcnstlich angelegte See<\/strong>, der jetzt auch von <strong>Kanus, <\/strong><strong>Kajaks<\/strong> und <strong>Windsurfern<\/strong> befahren werden kann. Auf<strong> <\/strong>k\u00f6nnen Sie abschalten und sich inmitten von Gr\u00fcnanlagen entspannen.<\/p><p>N\u00fctzliches, Spa\u00df und Adrenalin \u2013 in Livigno findest die <strong>Schule f\u00fcr sicheres Fahren, sportlich und wettkampforientiert auf Schnee und Eis<\/strong>.<\/p><p>Auf der <strong>Eisrennbahn <\/strong>erwarten dich professionelle Rennfahrer, die dir beibringen, wie man verschiedene Fahrzeugtypen auf rutschigem Untergrund beherrscht \u2013 mit einer theoretischen Einweisung im beheizten Hospitality-Bereich und einem praktischen Teil auf der Rennstrecke!<\/p>\t\t\t\t\t\t\t\t<\/div>\n\t\t\t\t<\/div>\n\t\t\t\t<\/div>\n\t\t\t\t<\/div>\n\t\t<div class=\"elementor-element elementor-element-df1d932 e-con-full elementor-hidden-mobile e-flex e-con e-child\" data-id=\"df1d932\" data-element_type=\"container\" data-e-type=\"container\" data-settings=\"{&quot;background_background&quot;:&quot;classic&quot;}\">\n\t\t\t\t<\/div>\n\t\t\t\t<\/div>\n\t\t\t\t<\/div>\n\t\t","protected":false},"excerpt":{"rendered":"<p>Sport im Sommer Wandern, Trekking und Mountainbiking in Livigno Livigno ist zweifelsohne die Heimat des Sports und der Outdoor-Aktivit\u00e4ten, und das riesige Angebot an Alternativen f\u00fcr jede Jahreszeit ist der greifbarste Beweis daf\u00fcr. Im Sommer k\u00f6nnen Sie diese wundersch\u00f6ne Gegend mit dem Mountainbike oder auf den markierten Trekking- und Nordic-Walking-Strecken erkunden.Der Bike Park Mottolino bietet [&hellip;]<\/p>\n","protected":false},"author":2,"featured_media":0,"parent":0,"menu_order":0,"comment_status":"closed","ping_status":"closed","template":"","meta":{"_acf_changed":false,"footnotes":""},"class_list":["post-1999","page","type-page","status-publish","hentry"],"acf":[],"_links":{"self":[{"href":"https:\/\/www.appartamenti.talacci.it\/de\/wp-json\/wp\/v2\/pages\/1999","targetHints":{"allow":["GET"]}}],"collection":[{"href":"https:\/\/www.appartamenti.talacci.it\/de\/wp-json\/wp\/v2\/pages"}],"about":[{"href":"https:\/\/www.appartamenti.talacci.it\/de\/wp-json\/wp\/v2\/types\/page"}],"author":[{"embeddable":true,"href":"https:\/\/www.appartamenti.talacci.it\/de\/wp-json\/wp\/v2\/users\/2"}],"replies":[{"embeddable":true,"href":"https:\/\/www.appartamenti.talacci.it\/de\/wp-json\/wp\/v2\/comments?post=1999"}],"version-history":[{"count":2,"href":"https:\/\/www.appartamenti.talacci.it\/de\/wp-json\/wp\/v2\/pages\/1999\/revisions"}],"predecessor-version":[{"id":2928,"href":"https:\/\/www.appartamenti.talacci.it\/de\/wp-json\/wp\/v2\/pages\/1999\/revisions\/2928"}],"wp:attachment":[{"href":"https:\/\/www.appartamenti.talacci.it\/de\/wp-json\/wp\/v2\/media?parent=1999"}],"curies":[{"name":"wp","href":"https:\/\/api.w.org\/{rel}","templated":true}]}}